{"id":1720,"date":"2025-03-23T15:41:15","date_gmt":"2025-03-23T13:41:15","guid":{"rendered":"https:\/\/www.bioaq.fi\/bion-institute\/"},"modified":"2026-02-16T15:52:41","modified_gmt":"2026-02-16T13:52:41","slug":"bion-institute","status":"publish","type":"page","link":"https:\/\/www.bioaq.fi\/fi\/bion-institute\/","title":{"rendered":"BION Institute FI"},"content":{"rendered":"\n<p>Slovenian Ljubljanassa sijaitseva BION Institute for Bioelectromagnetics and New Biology on tehnyt tieteellisen tutkimuksen BioAq-vedest\u00e4. Testit tehtiin eri tilanteissa BioAq-vedell\u00e4 ja kontrollivedell\u00e4, ja fysiologinen vaikutus koehenkil\u00f6ihin mitattiin. Tutkimuksen tavoitteena oli tutkia energian vaikutusta ihmiseen. Tavoitteena oli tutkia BioAq-veden objektiivista kentt\u00e4vaikutusta ihmisiin. Tutkimus oli prospektiivista ja satunnaistettua. Plasebovaikutus suljettiin pois, koehenkil\u00f6t eiv\u00e4t tienneet, mit\u00e4 vett\u00e4 he joivat. Tutkimus oli my\u00f6s kaksoissokkoutettu; edes testiavustaja ei tiennyt, mit\u00e4 vett\u00e4 koehenkil\u00f6 joi. Menetelm\u00e4n\u00e4 mitattiin erilaisia fysiologisia parametreja testitilanteissa, joissa koehenkil\u00f6t olivat juoneet joko BioAq-vett\u00e4 tai kontrollivett\u00e4. Parametrien mittaamiseen k\u00e4ytettiin Biosignalplux-laitetta. Erojen tarkistamiseen k\u00e4ytettiin Wilcoxon-testi\u00e4 ja lis\u00e4vertailuihin k\u00e4ytettiin Holm-Bonferroni-korjausta. Tulokset osoittivat useita tilastollisesti merkitsevi\u00e4 eroja BioAq-veden ja kontrolliveden juomisessa. Tutkimus osoitti, ett\u00e4 BioAq-vedell\u00e4 on energisoiva vaikutus ihmisiin.           <\/p>\n","protected":false},"excerpt":{"rendered":"<p>Slovenian Ljubljanassa sijaitseva BION Institute for Bioelectromagnetics and New Biology on tehnyt tieteellisen tutkimuksen BioAq-vedest\u00e4. Testit tehtiin eri tilanteissa BioAq-vedell\u00e4 [&hellip;]<\/p>\n","protected":false},"author":1,"featured_media":0,"parent":0,"menu_order":0,"comment_status":"closed","ping_status":"closed","template":"","meta":{"footnotes":""},"class_list":["post-1720","page","type-page","status-publish","hentry"],"_links":{"self":[{"href":"https:\/\/www.bioaq.fi\/fi\/wp-json\/wp\/v2\/pages\/1720","targetHints":{"allow":["GET"]}}],"collection":[{"href":"https:\/\/www.bioaq.fi\/fi\/wp-json\/wp\/v2\/pages"}],"about":[{"href":"https:\/\/www.bioaq.fi\/fi\/wp-json\/wp\/v2\/types\/page"}],"author":[{"embeddable":true,"href":"https:\/\/www.bioaq.fi\/fi\/wp-json\/wp\/v2\/users\/1"}],"replies":[{"embeddable":true,"href":"https:\/\/www.bioaq.fi\/fi\/wp-json\/wp\/v2\/comments?post=1720"}],"version-history":[{"count":2,"href":"https:\/\/www.bioaq.fi\/fi\/wp-json\/wp\/v2\/pages\/1720\/revisions"}],"predecessor-version":[{"id":2356,"href":"https:\/\/www.bioaq.fi\/fi\/wp-json\/wp\/v2\/pages\/1720\/revisions\/2356"}],"wp:attachment":[{"href":"https:\/\/www.bioaq.fi\/fi\/wp-json\/wp\/v2\/media?parent=1720"}],"curies":[{"name":"wp","href":"https:\/\/api.w.org\/{rel}","templated":true}]}}