{"id":1724,"date":"2025-03-23T15:44:53","date_gmt":"2025-03-23T13:44:53","guid":{"rendered":"https:\/\/www.bioaq.fi\/bioaq\/"},"modified":"2026-02-16T15:47:52","modified_gmt":"2026-02-16T13:47:52","slug":"bioaq","status":"publish","type":"page","link":"https:\/\/www.bioaq.fi\/fi\/","title":{"rendered":"BioAq kotisivu"},"content":{"rendered":"\n<div class=\"wp-block-cover alignfull is-light\"><img loading=\"lazy\" decoding=\"async\" width=\"1024\" height=\"532\" class=\"wp-block-cover__image-background wp-image-2119 size-large\" alt=\"\" src=\"https:\/\/www.bioaq.fi\/wp-content\/uploads\/2025\/08\/Huvudbild-scaled-1-1024x532.jpg\" data-object-fit=\"cover\" srcset=\"https:\/\/www.bioaq.fi\/wp-content\/uploads\/2025\/08\/Huvudbild-scaled-1-1024x532.jpg 1024w, https:\/\/www.bioaq.fi\/wp-content\/uploads\/2025\/08\/Huvudbild-scaled-1-300x156.jpg 300w, https:\/\/www.bioaq.fi\/wp-content\/uploads\/2025\/08\/Huvudbild-scaled-1-768x399.jpg 768w, https:\/\/www.bioaq.fi\/wp-content\/uploads\/2025\/08\/Huvudbild-scaled-1-1536x798.jpg 1536w, https:\/\/www.bioaq.fi\/wp-content\/uploads\/2025\/08\/Huvudbild-scaled-1-2048x1064.jpg 2048w\" sizes=\"auto, (max-width: 1024px) 100vw, 1024px\" \/><span aria-hidden=\"true\" class=\"wp-block-cover__background has-background-dim-0 has-background-dim\" style=\"background-color:#649ebf\"><\/span><div class=\"wp-block-cover__inner-container is-layout-flow wp-block-cover-is-layout-flow\">\n<p class=\"has-text-align-center mainheader has-large-font-size\">Tutustu BioAq energisoivan veden voimaan<\/p>\n<\/div><\/div>\n\n\n\n<p class=\"has-text-align-center p1\"><span id=\"text\"><strong>BioAq: Energisoivaa, strukturoitua vett\u00e4 hyvinvointiin, parempaan viljelyyn ja ekologiseen tasapainoon.<\/strong><\/span><br><strong>Vesi on yksi t\u00e4rkeimmist\u00e4 luonnonvaroistamme. Vesi on el\u00e4m\u00e4\u00e4. <\/strong><\/p>\n\n\n\n<div class=\"wp-block-columns col_center is-layout-flex wp-container-core-columns-is-layout-9d6595d7 wp-block-columns-is-layout-flex\">\n<div class=\"wp-block-column is-layout-flow wp-block-column-is-layout-flow\" style=\"flex-basis:66.66%\">\n<p class=\"has-text-align-center p2\"><strong>Tieteellinen tutkimus osoitti, ett\u00e4 BioAq-vedell\u00e4 on energisoiva vaikutus ihmisiin. BioAq-vesi antoi tuloksissa merkitt\u00e4vi\u00e4 eroja kontrolliveteen verrattuna. Tutkimuksen suoritti BION Institute for Bioelectromagnetics and New Biology Ljubljanassa, Sloveniassa. Laitos on my\u00f6nt\u00e4nyt sertifikaatin BioAqille.    <a href=\"bion-institute\/?lang=fi\">Lue lis\u00e4\u00e4&#8230;<\/a><\/strong><br><strong>Linkit: <a href=\"https:\/\/www.bioaq.fi\/wp-content\/uploads\/2022\/06\/BION-INSTITUTE_BioAq-water-INRAMAT_Certificate_0282_ENG-scaled.jpg\" data-type=\"URL\" data-id=\"https:\/\/www.bioaq.fi\/wp-content\/uploads\/2022\/06\/BION-INSTITUTE_BioAq-water-INRAMAT_Certificate_0282_ENG-scaled.jpg\" target=\"_blank\" rel=\"noreferrer noopener\">BION Sertifikaatti<\/a>, <a href=\"https:\/\/www.bioaq.fi\/wp-content\/uploads\/2022\/06\/BION-INSTITUTE_BioAq-Report-on-Testing-Energy-Influence-2022.pdf\" data-type=\"URL\" data-id=\"https:\/\/www.bioaq.fi\/wp-content\/uploads\/2022\/06\/BION-INSTITUTE_BioAq-Report-on-Testing-Energy-Influence-2022.pdf\" target=\"_blank\" rel=\"noreferrer noopener\">BION Raportti<\/a><\/strong><\/p>\n<\/div>\n\n\n\n<div class=\"wp-block-column is-layout-flow wp-block-column-is-layout-flow\" style=\"flex-basis:33.33%\">\n<figure class=\"wp-block-image size-full i2\"><center><img loading=\"lazy\" decoding=\"async\" width=\"210\" height=\"180\" src=\"https:\/\/www.bioaq.fi\/wp-content\/uploads\/2022\/06\/BION-certficat-bild-3.png\" alt=\"\" class=\"wp-image-1293\"\/><\/center><\/figure>\n<\/div>\n<\/div>\n\n\n\n<div class=\"wp-block-columns grupp1 is-layout-flex wp-container-core-columns-is-layout-9d6595d7 wp-block-columns-is-layout-flex\">\n<div class=\"wp-block-column is-layout-flow wp-block-column-is-layout-flow\">\n<div class=\"wp-block-cover is-light bild\" style=\"min-height:300px;aspect-ratio:unset;\"><img loading=\"lazy\" decoding=\"async\" width=\"640\" height=\"480\" class=\"wp-block-cover__image-background wp-image-1463\" alt=\"\" src=\"https:\/\/www.bioaq.fi\/wp-content\/uploads\/2025\/03\/Personlig-erfarenhet-forsta-sidan-1.jpg\" data-object-fit=\"cover\" srcset=\"https:\/\/www.bioaq.fi\/wp-content\/uploads\/2025\/03\/Personlig-erfarenhet-forsta-sidan-1.jpg 640w, https:\/\/www.bioaq.fi\/wp-content\/uploads\/2025\/03\/Personlig-erfarenhet-forsta-sidan-1-300x225.jpg 300w\" sizes=\"auto, (max-width: 640px) 100vw, 640px\" \/><span aria-hidden=\"true\" class=\"wp-block-cover__background has-background-dim-0 has-background-dim\" style=\"background-color:#7f858e\"><\/span><div class=\"wp-block-cover__inner-container is-layout-flow wp-block-cover-is-layout-flow\">\n<p class=\"has-text-align-center has-large-font-size\"><a id=\"link\" href=\"https:\/\/www.bioaq.fi\/fi\/henkilokohtainen-kokemus\/\" data-type=\"URL\" data-id=\"https:\/\/www.bioaq.fi\/testimonials\/\">Henkil\u00f6kohtainen kokemus<\/a><\/p>\n<\/div><\/div>\n<\/div>\n\n\n\n<div class=\"wp-block-column is-layout-flow wp-block-column-is-layout-flow\">\n<div class=\"wp-block-cover is-light bild\" style=\"min-height:300px;aspect-ratio:unset;\"><img loading=\"lazy\" decoding=\"async\" width=\"860\" height=\"673\" class=\"wp-block-cover__image-background wp-image-1466\" alt=\"\" src=\"https:\/\/www.bioaq.fi\/wp-content\/uploads\/2025\/03\/Valmaende-forsta-sidan-1.jpg\" data-object-fit=\"cover\" srcset=\"https:\/\/www.bioaq.fi\/wp-content\/uploads\/2025\/03\/Valmaende-forsta-sidan-1.jpg 860w, https:\/\/www.bioaq.fi\/wp-content\/uploads\/2025\/03\/Valmaende-forsta-sidan-1-300x235.jpg 300w, https:\/\/www.bioaq.fi\/wp-content\/uploads\/2025\/03\/Valmaende-forsta-sidan-1-768x601.jpg 768w\" sizes=\"auto, (max-width: 860px) 100vw, 860px\" \/><span aria-hidden=\"true\" class=\"wp-block-cover__background has-background-dim-0 has-background-dim\" style=\"background-color:#f5f9fb\"><\/span><div class=\"wp-block-cover__inner-container is-layout-flow wp-block-cover-is-layout-flow\">\n<p class=\"has-text-align-center has-large-font-size\"><a id=\"link\" href=\"https:\/\/www.bioaq.fi\/fi\/hyvinvointi\/\" data-type=\"URL\" data-id=\"https:\/\/www.bioaq.fi\/well-being\/\">Hyvinvointi<\/a><\/p>\n<\/div><\/div>\n<\/div>\n\n\n\n<div class=\"wp-block-column is-layout-flow wp-block-column-is-layout-flow\">\n<div class=\"wp-block-cover bild\" style=\"min-height:300px;aspect-ratio:unset;\"><img loading=\"lazy\" decoding=\"async\" width=\"604\" height=\"515\" class=\"wp-block-cover__image-background wp-image-1613\" alt=\"\" src=\"https:\/\/www.bioaq.fi\/wp-content\/uploads\/2025\/03\/Odling-forsta-sidan_v2.jpg\" data-object-fit=\"cover\" srcset=\"https:\/\/www.bioaq.fi\/wp-content\/uploads\/2025\/03\/Odling-forsta-sidan_v2.jpg 604w, https:\/\/www.bioaq.fi\/wp-content\/uploads\/2025\/03\/Odling-forsta-sidan_v2-300x256.jpg 300w\" sizes=\"auto, (max-width: 604px) 100vw, 604px\" \/><span aria-hidden=\"true\" class=\"wp-block-cover__background has-background-dim-0 has-background-dim\" style=\"background-color:#b35127\"><\/span><div class=\"wp-block-cover__inner-container is-layout-flow wp-block-cover-is-layout-flow\">\n<p class=\"has-text-align-center has-large-font-size\"><a id=\"link\" href=\"https:\/\/www.bioaq.fi\/fi\/viljely\/\" data-type=\"URL\" data-id=\"https:\/\/www.bioaq.fi\/cultivation\/\">Viljely<\/a><\/p>\n<\/div><\/div>\n<\/div>\n<\/div>\n\n\n\n<div class=\"wp-block-columns grupp2 is-layout-flex wp-container-core-columns-is-layout-9d6595d7 wp-block-columns-is-layout-flex\">\n<div class=\"wp-block-column is-layout-flow wp-block-column-is-layout-flow\">\n<div class=\"wp-block-cover bild\" style=\"min-height:300px;aspect-ratio:unset;\"><img loading=\"lazy\" decoding=\"async\" width=\"253\" height=\"240\" class=\"wp-block-cover__image-background wp-image-93\" alt=\"Ice crystal\" src=\"https:\/\/www.bioaq.fi\/wp-content\/uploads\/2022\/03\/icecrystal.png\" data-object-fit=\"cover\"\/><span aria-hidden=\"true\" class=\"wp-block-cover__background has-background-dim-0 has-background-dim\"><\/span><div class=\"wp-block-cover__inner-container is-layout-flow wp-block-cover-is-layout-flow\">\n<p class=\"has-text-align-center has-large-font-size\"><a id=\"link\" href=\"https:\/\/www.bioaq.fi\/fi\/jaakiteiden-valokuvaus\/\" data-type=\"URL\" data-id=\"https:\/\/www.bioaq.fi\/ice-crystal-photography\/\">J\u00e4\u00e4kiteiden valokuvaus<\/a><\/p>\n<\/div><\/div>\n<\/div>\n\n\n\n<div class=\"wp-block-column is-layout-flow wp-block-column-is-layout-flow\">\n<div class=\"wp-block-cover bild\" style=\"min-height:300px;aspect-ratio:unset;\"><img loading=\"lazy\" decoding=\"async\" width=\"644\" height=\"512\" class=\"wp-block-cover__image-background wp-image-1475\" alt=\"\" src=\"https:\/\/www.bioaq.fi\/wp-content\/uploads\/2025\/03\/Ekologisk-balans-forsta-sidan.jpg\" data-object-fit=\"cover\" srcset=\"https:\/\/www.bioaq.fi\/wp-content\/uploads\/2025\/03\/Ekologisk-balans-forsta-sidan.jpg 644w, https:\/\/www.bioaq.fi\/wp-content\/uploads\/2025\/03\/Ekologisk-balans-forsta-sidan-300x239.jpg 300w\" sizes=\"auto, (max-width: 644px) 100vw, 644px\" \/><span aria-hidden=\"true\" class=\"wp-block-cover__background has-background-dim-0 has-background-dim\" style=\"background-color:#547468\"><\/span><div class=\"wp-block-cover__inner-container is-layout-flow wp-block-cover-is-layout-flow\">\n<p class=\"has-text-align-center has-large-font-size\"><a id=\"link\" href=\"https:\/\/www.bioaq.fi\/fi\/ekologinen-tasapaino\/\" data-type=\"URL\" data-id=\"https:\/\/www.bioaq.fi\/ekologinen-tasapaino\/\">Ekologinen tasapaino<\/a><\/p>\n<\/div><\/div>\n<\/div>\n\n\n\n<div class=\"wp-block-column is-layout-flow wp-block-column-is-layout-flow\">\n<div class=\"wp-block-cover is-light bild\" style=\"min-height:300px;aspect-ratio:unset;\"><img loading=\"lazy\" decoding=\"async\" width=\"800\" height=\"534\" class=\"wp-block-cover__image-background wp-image-1564\" alt=\"\" src=\"https:\/\/www.bioaq.fi\/wp-content\/uploads\/2025\/03\/Produkter-forsta-sidan.jpg\" data-object-fit=\"cover\" srcset=\"https:\/\/www.bioaq.fi\/wp-content\/uploads\/2025\/03\/Produkter-forsta-sidan.jpg 800w, https:\/\/www.bioaq.fi\/wp-content\/uploads\/2025\/03\/Produkter-forsta-sidan-300x200.jpg 300w, https:\/\/www.bioaq.fi\/wp-content\/uploads\/2025\/03\/Produkter-forsta-sidan-768x513.jpg 768w\" sizes=\"auto, (max-width: 800px) 100vw, 800px\" \/><span aria-hidden=\"true\" class=\"wp-block-cover__background has-background-dim-0 has-background-dim\" style=\"background-color:#edecec\"><\/span><div class=\"wp-block-cover__inner-container is-layout-flow wp-block-cover-is-layout-flow\">\n<p class=\"has-text-align-center has-large-font-size\"><a id=\"link\" href=\"https:\/\/www.bioaq.fi\/fi\/tuotteet\/\" data-type=\"link\" data-id=\"https:\/\/www.bioaq.fi\/products\/\">Tuotteet<\/a><\/p>\n<\/div><\/div>\n<\/div>\n<\/div>\n","protected":false},"excerpt":{"rendered":"<p>BioAq: Energisoivaa, strukturoitua vett\u00e4 hyvinvointiin, parempaan viljelyyn ja ekologiseen tasapainoon.Vesi on yksi t\u00e4rkeimmist\u00e4 luonnonvaroistamme. Vesi on el\u00e4m\u00e4\u00e4. Tieteellinen tutkimus osoitti, [&hellip;]<\/p>\n","protected":false},"author":1,"featured_media":0,"parent":0,"menu_order":0,"comment_status":"closed","ping_status":"closed","template":"","meta":{"footnotes":""},"class_list":["post-1724","page","type-page","status-publish","hentry"],"_links":{"self":[{"href":"https:\/\/www.bioaq.fi\/fi\/wp-json\/wp\/v2\/pages\/1724","targetHints":{"allow":["GET"]}}],"collection":[{"href":"https:\/\/www.bioaq.fi\/fi\/wp-json\/wp\/v2\/pages"}],"about":[{"href":"https:\/\/www.bioaq.fi\/fi\/wp-json\/wp\/v2\/types\/page"}],"author":[{"embeddable":true,"href":"https:\/\/www.bioaq.fi\/fi\/wp-json\/wp\/v2\/users\/1"}],"replies":[{"embeddable":true,"href":"https:\/\/www.bioaq.fi\/fi\/wp-json\/wp\/v2\/comments?post=1724"}],"version-history":[{"count":20,"href":"https:\/\/www.bioaq.fi\/fi\/wp-json\/wp\/v2\/pages\/1724\/revisions"}],"predecessor-version":[{"id":2353,"href":"https:\/\/www.bioaq.fi\/fi\/wp-json\/wp\/v2\/pages\/1724\/revisions\/2353"}],"wp:attachment":[{"href":"https:\/\/www.bioaq.fi\/fi\/wp-json\/wp\/v2\/media?parent=1724"}],"curies":[{"name":"wp","href":"https:\/\/api.w.org\/{rel}","templated":true}]}}