{"id":1728,"date":"2025-03-23T15:49:25","date_gmt":"2025-03-23T13:49:25","guid":{"rendered":"https:\/\/www.bioaq.fi\/hyvinvointi\/"},"modified":"2025-08-25T12:34:46","modified_gmt":"2025-08-25T09:34:46","slug":"hyvinvointi","status":"publish","type":"page","link":"https:\/\/www.bioaq.fi\/fi\/hyvinvointi\/","title":{"rendered":"Hyvinvointi"},"content":{"rendered":"\n<div class=\"wp-block-cover alignwide is-light\"><img loading=\"lazy\" decoding=\"async\" width=\"1024\" height=\"447\" class=\"wp-block-cover__image-background wp-image-2128 size-large\" alt=\"\" src=\"https:\/\/www.bioaq.fi\/wp-content\/uploads\/2025\/08\/Valmaende-scaled-1-1024x447.jpg\" style=\"object-position:50% 56%\" data-object-fit=\"cover\" data-object-position=\"50% 56%\" srcset=\"https:\/\/www.bioaq.fi\/wp-content\/uploads\/2025\/08\/Valmaende-scaled-1-1024x447.jpg 1024w, https:\/\/www.bioaq.fi\/wp-content\/uploads\/2025\/08\/Valmaende-scaled-1-300x131.jpg 300w, https:\/\/www.bioaq.fi\/wp-content\/uploads\/2025\/08\/Valmaende-scaled-1-768x335.jpg 768w, https:\/\/www.bioaq.fi\/wp-content\/uploads\/2025\/08\/Valmaende-scaled-1-1536x671.jpg 1536w, https:\/\/www.bioaq.fi\/wp-content\/uploads\/2025\/08\/Valmaende-scaled-1-2048x894.jpg 2048w\" sizes=\"auto, (max-width: 1024px) 100vw, 1024px\" \/><span aria-hidden=\"true\" class=\"wp-block-cover__background has-pale-cyan-blue-background-color has-background-dim-0 has-background-dim\"><\/span><div class=\"wp-block-cover__inner-container is-layout-flow wp-block-cover-is-layout-flow\">\n<p class=\"has-text-align-center has-black-color has-text-color has-link-color has-large-font-size wp-elements-6a193300c2f3b1e2f43f850787cd07ce\"><strong>Hyvinvointi<\/strong><\/p>\n<\/div><\/div>\n\n\n\n<p><\/p>\n\n\n\n<p><strong>Lukuisten k\u00e4ytt\u00e4jien raporttien perusteella BioAq-strukturoidun veden juominen tai siin\u00e4 suihkussa k\u00e4yminen lis\u00e4\u00e4 hyvinvointia. Kokemukset t\u00e4lt\u00e4 osin ovat samankaltaisia, mik\u00e4 viittaa korrelaatioon lis\u00e4\u00e4ntyneen hyvinvoinnin ja BioAq-veden k\u00e4yt\u00f6n v\u00e4lill\u00e4. Tieteellinen dokumentaatio osoittaa, ett\u00e4 BioAq-vesi on energisoivaa, mik\u00e4 tukee ajatusta siit\u00e4, ett\u00e4 vesi edist\u00e4\u00e4 hyvinvointia. T\u00e4st\u00e4 yhteydest\u00e4 ei kuitenkaan ole viel\u00e4 tehty kliinisi\u00e4 tutkimuksia. Lis\u00e4ksi voidaan olettaa, ett\u00e4 veden energisointi vaikuttaa eri ihmisiin eri tavoin.    <\/strong><\/p>\n\n\n\n<p><strong>Monet BioAq-veden juomista ja\/tai siin\u00e4 suihkussa k\u00e4ymist\u00e4 kokeilleet ihmiset ovat raportoineet seuraavia vaikutuksia:<\/strong><\/p>\n\n\n\n<div class=\"wp-block-columns is-layout-flex wp-container-core-columns-is-layout-9d6595d7 wp-block-columns-is-layout-flex\">\n<div class=\"wp-block-column is-layout-flow wp-block-column-is-layout-flow\" style=\"flex-basis:25%\"><div class=\"wp-block-image\">\n<figure class=\"aligncenter size-medium is-resized\"><img loading=\"lazy\" decoding=\"async\" width=\"200\" height=\"300\" src=\"https:\/\/www.bioaq.fi\/wp-content\/uploads\/2025\/03\/Valmaende-bild-2-200x300.jpg\" alt=\"\" class=\"wp-image-1499\" style=\"width:auto;height:500px\" srcset=\"https:\/\/www.bioaq.fi\/wp-content\/uploads\/2025\/03\/Valmaende-bild-2-200x300.jpg 200w, https:\/\/www.bioaq.fi\/wp-content\/uploads\/2025\/03\/Valmaende-bild-2.jpg 600w\" sizes=\"auto, (max-width: 200px) 100vw, 200px\" \/><\/figure>\n<\/div><\/div>\n\n\n\n<div class=\"wp-block-column is-layout-flow wp-block-column-is-layout-flow\" style=\"flex-basis:50%\">\n<ul class=\"wp-block-list\">\n<li>Hammaskiven ja plakin ongelmat v\u00e4henev\u00e4t tai h\u00e4vi\u00e4v\u00e4t. Monilla ihmisill\u00e4, joilla on ollut hammaskive\u00e4 vuosikymmenten ajan, ei en\u00e4\u00e4 muodostu plakkia. Hammasl\u00e4\u00e4k\u00e4rik\u00e4ynnit vahvistavat t\u00e4m\u00e4n. <\/li>\n\n\n\n<li>Allergiaoireet lievittyv\u00e4t.<\/li>\n\n\n\n<li>Vilustumiskest\u00e4vyys lis\u00e4\u00e4ntyy, ja nuhajaksot lyhenev\u00e4t.<\/li>\n\n\n\n<li>S\u00e4hk\u00f6yliherk\u00e4t ihmiset kokevat helpotusta tilanteeseensa.<\/li>\n\n\n\n<li>Iho-ongelmat, kuten psoriaasi, v\u00e4henev\u00e4t.<\/li>\n\n\n\n<li>Ihon laatu paranee.<\/li>\n\n\n\n<li>Hiusten laatu paranee, ja niiden kasvu lis\u00e4\u00e4ntyy.<\/li>\n\n\n\n<li>Kynsien laatu paranee, ja ne kasvavat paremmin.<\/li>\n<\/ul>\n<\/div>\n\n\n\n<div class=\"wp-block-column is-layout-flow wp-block-column-is-layout-flow\" style=\"flex-basis:25%\"><div class=\"wp-block-image\">\n<figure class=\"aligncenter size-medium is-resized\"><img loading=\"lazy\" decoding=\"async\" width=\"200\" height=\"300\" src=\"https:\/\/www.bioaq.fi\/wp-content\/uploads\/2025\/03\/Valmaende-bild-3-200x300.jpg\" alt=\"\" class=\"wp-image-1496\" style=\"width:auto;height:500px\" srcset=\"https:\/\/www.bioaq.fi\/wp-content\/uploads\/2025\/03\/Valmaende-bild-3-200x300.jpg 200w, https:\/\/www.bioaq.fi\/wp-content\/uploads\/2025\/03\/Valmaende-bild-3.jpg 400w\" sizes=\"auto, (max-width: 200px) 100vw, 200px\" \/><\/figure>\n<\/div><\/div>\n<\/div>\n\n\n\n<p class=\"studies\"><strong>Tuotteita ei ole testattu kliinisiss\u00e4 tutkimuksissa. Ne eiv\u00e4t ole tarkoitettu ammattilaisen hoidon korvaajiksi. <\/strong><\/p>\n","protected":false},"excerpt":{"rendered":"<p>Lukuisten k\u00e4ytt\u00e4jien raporttien perusteella BioAq-strukturoidun veden juominen tai siin\u00e4 suihkussa k\u00e4yminen lis\u00e4\u00e4 hyvinvointia. Kokemukset t\u00e4lt\u00e4 osin ovat samankaltaisia, mik\u00e4 viittaa [&hellip;]<\/p>\n","protected":false},"author":1,"featured_media":0,"parent":0,"menu_order":0,"comment_status":"closed","ping_status":"closed","template":"","meta":{"footnotes":""},"class_list":["post-1728","page","type-page","status-publish","hentry"],"_links":{"self":[{"href":"https:\/\/www.bioaq.fi\/fi\/wp-json\/wp\/v2\/pages\/1728","targetHints":{"allow":["GET"]}}],"collection":[{"href":"https:\/\/www.bioaq.fi\/fi\/wp-json\/wp\/v2\/pages"}],"about":[{"href":"https:\/\/www.bioaq.fi\/fi\/wp-json\/wp\/v2\/types\/page"}],"author":[{"embeddable":true,"href":"https:\/\/www.bioaq.fi\/fi\/wp-json\/wp\/v2\/users\/1"}],"replies":[{"embeddable":true,"href":"https:\/\/www.bioaq.fi\/fi\/wp-json\/wp\/v2\/comments?post=1728"}],"version-history":[{"count":13,"href":"https:\/\/www.bioaq.fi\/fi\/wp-json\/wp\/v2\/pages\/1728\/revisions"}],"predecessor-version":[{"id":2136,"href":"https:\/\/www.bioaq.fi\/fi\/wp-json\/wp\/v2\/pages\/1728\/revisions\/2136"}],"wp:attachment":[{"href":"https:\/\/www.bioaq.fi\/fi\/wp-json\/wp\/v2\/media?parent=1728"}],"curies":[{"name":"wp","href":"https:\/\/api.w.org\/{rel}","templated":true}]}}