{"id":1750,"date":"2025-03-23T16:14:12","date_gmt":"2025-03-23T14:14:12","guid":{"rendered":"https:\/\/www.bioaq.fi\/ekologinen-tasapaino\/"},"modified":"2025-07-02T20:03:06","modified_gmt":"2025-07-02T17:03:06","slug":"ekologinen-tasapaino","status":"publish","type":"page","link":"https:\/\/www.bioaq.fi\/fi\/ekologinen-tasapaino\/","title":{"rendered":"Ekologinen tasapaino"},"content":{"rendered":"\n<div class=\"wp-block-cover alignwide is-light\"><img loading=\"lazy\" decoding=\"async\" width=\"1024\" height=\"390\" class=\"wp-block-cover__image-background wp-image-1627\" alt=\"\" src=\"https:\/\/www.bioaq.fi\/wp-content\/uploads\/2025\/03\/Ekologisk-balans-1024x390.jpg\" data-object-fit=\"cover\" srcset=\"https:\/\/www.bioaq.fi\/wp-content\/uploads\/2025\/03\/Ekologisk-balans-1024x390.jpg 1024w, https:\/\/www.bioaq.fi\/wp-content\/uploads\/2025\/03\/Ekologisk-balans-300x114.jpg 300w, https:\/\/www.bioaq.fi\/wp-content\/uploads\/2025\/03\/Ekologisk-balans-768x293.jpg 768w, https:\/\/www.bioaq.fi\/wp-content\/uploads\/2025\/03\/Ekologisk-balans-1536x586.jpg 1536w, https:\/\/www.bioaq.fi\/wp-content\/uploads\/2025\/03\/Ekologisk-balans-2048x781.jpg 2048w\" sizes=\"auto, (max-width: 1024px) 100vw, 1024px\" \/><span aria-hidden=\"true\" class=\"wp-block-cover__background has-pale-cyan-blue-background-color has-background-dim-0 has-background-dim\"><\/span><div class=\"wp-block-cover__inner-container is-layout-flow wp-block-cover-is-layout-flow\">\n<p class=\"has-text-align-center has-white-color has-text-color has-link-color has-large-font-size wp-elements-b7e3e76d620c9ef625e8efaf5c1cb34b\"><strong>Ekologinen tasapaino<\/strong><\/p>\n<\/div><\/div>\n\n<p><\/p>\n\n<p><strong>BioAq-vedenrakentajalla on tehty tutkimuksia ja pilottitestej\u00e4 luonnollisissa vesist\u00f6iss\u00e4, kuten j\u00e4rviss\u00e4 ja puroissa, sek\u00e4 uima-altaissa. Testit on suoritettu eri tavoin sen mukaan, mit\u00e4 tutkittiin. Yhteist\u00e4 kaikille tutkimuksille on ollut vesin\u00e4ytteiden ottaminen ja havainnot, jotka on tehty ennen strukturoijan asettamista veteen. Uusia havaintoja tehtiin ja uusia vesin\u00e4ytteit\u00e4 ker\u00e4ttiin sen j\u00e4lkeen, kun strukturointilaite oli sijoitettu. T\u00e4m\u00e4 on tehty vaihtelevin v\u00e4liajoin. Muun muassa levien esiintymist\u00e4 on tutkittu.     <\/strong><\/p>\n\n<p><strong>Monia eroja on havaittu sen j\u00e4lkeen, kun BioAq-rakentaja on lis\u00e4tty veteen. Toistuvasti havaittuja tuloksia ovat muun muassa seuraavat: <\/strong><\/p>\n\n<div class=\"wp-block-columns is-layout-flex wp-container-core-columns-is-layout-9d6595d7 wp-block-columns-is-layout-flex\">\n<div class=\"wp-block-column is-layout-flow wp-block-column-is-layout-flow\" style=\"flex-basis:66.66%\">\n<ul class=\"wp-block-list\">\n<li>Viherlevien m\u00e4\u00e4r\u00e4 v\u00e4henee.<\/li>\n\n\n\n<li>Pelagisten levien m\u00e4\u00e4r\u00e4 v\u00e4henee.<\/li>\n\n\n\n<li>Syanobakteerien m\u00e4\u00e4r\u00e4 v\u00e4henee.<\/li>\n\n\n\n<li>Phanerogameja (kukkivia kasveja) suositaan.<\/li>\n\n\n\n<li>Veden n\u00e4kyvyyden syvyys kasvaa.<\/li>\n\n\n\n<li>Vesi kirkastuu.<\/li>\n\n\n\n<li>Uima-altaiden vesi koetaan miellytt\u00e4v\u00e4mm\u00e4ksi uimiseen.<\/li>\n<\/ul>\n\n\n\n<p><br\/><br\/><strong>Lukuisat tutkimukset ja pilottikokeet, joissa on saatu samankaltaisia tuloksia, viittaavat vahvasti siihen, ett\u00e4 veden laadun paranemisen ja BioAq-rakennej\u00e4rjestelm\u00e4n k\u00e4ytt\u00f6\u00f6noton v\u00e4lill\u00e4 on yhteys. T\u00e4m\u00e4 on vahva osoitus siit\u00e4, ett\u00e4 BioAq-rakenne edist\u00e4\u00e4 ekologisen tasapainon luomista luonnollisissa vesist\u00f6iss\u00e4. Tutkimuksia tehd\u00e4\u00e4n laajemmassa mittakaavassa.  <\/strong><\/p>\n<\/div>\n\n\n\n<div class=\"wp-block-column is-layout-flow wp-block-column-is-layout-flow\" style=\"flex-basis:33.33%\">\n<figure class=\"wp-block-image size-full is-resized\"><img loading=\"lazy\" decoding=\"async\" width=\"600\" height=\"815\" src=\"https:\/\/www.bioaq.fi\/wp-content\/uploads\/2025\/03\/Ekologisk-balans-bild-2.jpg\" alt=\"\" class=\"wp-image-1537\" style=\"width:auto;height:500px\" srcset=\"https:\/\/www.bioaq.fi\/wp-content\/uploads\/2025\/03\/Ekologisk-balans-bild-2.jpg 600w, https:\/\/www.bioaq.fi\/wp-content\/uploads\/2025\/03\/Ekologisk-balans-bild-2-221x300.jpg 221w\" sizes=\"auto, (max-width: 600px) 100vw, 600px\" \/><\/figure>\n<\/div>\n<\/div>\n\n<p><\/p>\n<div class=\"wp-block-image\">\n<figure class=\"aligncenter size-full is-resized\"><img loading=\"lazy\" decoding=\"async\" width=\"1347\" height=\"897\" src=\"https:\/\/www.bioaq.fi\/wp-content\/uploads\/2022\/03\/ecological_balance.jpg\" alt=\"ekologinen tasapaino\" class=\"wp-image-84\" style=\"width:700px\" srcset=\"https:\/\/www.bioaq.fi\/wp-content\/uploads\/2022\/03\/ecological_balance.jpg 1347w, https:\/\/www.bioaq.fi\/wp-content\/uploads\/2022\/03\/ecological_balance-500x333.jpg 500w, https:\/\/www.bioaq.fi\/wp-content\/uploads\/2022\/03\/ecological_balance-300x200.jpg 300w, https:\/\/www.bioaq.fi\/wp-content\/uploads\/2022\/03\/ecological_balance-1024x682.jpg 1024w, https:\/\/www.bioaq.fi\/wp-content\/uploads\/2022\/03\/ecological_balance-768x511.jpg 768w\" sizes=\"auto, (max-width: 1347px) 100vw, 1347px\" \/><\/figure>\n<\/div>\n<p><br\/><strong>Esimerkki tutkimuksesta:<\/strong><\/p>\n\n<p><strong>Vaxholmin vierassatamassa oli ongelmia k\u00f6ysien ja pylv\u00e4iden laajamittaisen viherlev\u00e4kasvuston kanssa. N\u00e4k\u00f6syvyys &#8211; joskus alle 50 cm &#8211; oli heikentynyt levien ja syanobakteerien vuoksi. Satamaan sijoitettiin BioAq-rakenteinen laite, ja uudet k\u00f6ydet upotettiin vertailukohdiksi. Tavoitteena oli arvioida strukturoijan vaikutusta levien ja syanobakteerien esiintymiseen.   <\/strong><\/p>\n\n<p><strong>Kaksi viikkoa BioAq-rakennej\u00e4rjestelm\u00e4n k\u00e4ytt\u00f6\u00f6noton j\u00e4lkeen raportoitiin, ett\u00e4 n\u00e4k\u00f6syvyys oli kasvanut 1,5 metriin. My\u00f6hemmin mitattiin noin 2 metrin n\u00e4k\u00f6syvyys. <\/strong><\/p>\n\n<p><strong>Kun vanhoja ja uusia k\u00f6ysi\u00e4 tutkittiin pari kuukautta my\u00f6hemmin, havaittiin, ett\u00e4 viherlev\u00e4n kasvu oli v\u00e4hentynyt merkitt\u00e4v\u00e4sti k\u00f6ysiss\u00e4 koko satamassa. Vanhemmat viherlev\u00e4t olivat suurelta osin tummuneet. Kontrollik\u00f6ysiss\u00e4 kasvua oli vain v\u00e4h\u00e4n. Toisin sanoen lev\u00e4n kasvu uusissa k\u00f6ysiss\u00e4 oli huomattavasti v\u00e4h\u00e4isemp\u00e4\u00e4 kuin mit\u00e4 satamassa oli aiemmin pidetty normaalina.   <\/strong><\/p>\n\n<p><strong>Pelagisten levien ja syanobakteerien v\u00e4heneminen johti parempaan n\u00e4kyvyyteen vedess\u00e4.<\/strong><\/p>\n\n<p><strong>Yksi havainto oli, ett\u00e4 k\u00f6ysi\u00e4 oli miellytt\u00e4v\u00e4mpi k\u00e4sitell\u00e4 ja helpompi puhdistaa. Veneenomistajat arvostivat muutosta ja totesivat k\u00f6ysien olevan v\u00e4hemm\u00e4n limaisia.  Seuraavaksi muutamia kuvia tutkimuksesta:<\/strong><\/p>\n\n<div class=\"wp-block-columns is-layout-flex wp-container-core-columns-is-layout-9d6595d7 wp-block-columns-is-layout-flex\">\n<div class=\"wp-block-column is-layout-flow wp-block-column-is-layout-flow\"><div class=\"wp-block-image\">\n<figure class=\"aligncenter size-full\"><img loading=\"lazy\" decoding=\"async\" width=\"297\" height=\"289\" src=\"https:\/\/www.bioaq.fi\/wp-content\/uploads\/2025\/03\/Ekologisk-balans-Vaxholm-1.jpg\" alt=\"\" class=\"wp-image-1540\"\/><figcaption class=\"wp-element-caption\">K\u00f6ysi Vaxholmissa, jossa on <strong>paljon levi\u00e4.<\/strong><\/figcaption><\/figure>\n<\/div><\/div>\n\n\n\n<div class=\"wp-block-column is-layout-flow wp-block-column-is-layout-flow\"><div class=\"wp-block-image\">\n<figure class=\"aligncenter size-full\"><img loading=\"lazy\" decoding=\"async\" width=\"291\" height=\"289\" src=\"https:\/\/www.bioaq.fi\/wp-content\/uploads\/2025\/03\/Ekologisk-balans-Vaxholm-2.jpg\" alt=\"\" class=\"wp-image-1543\" srcset=\"https:\/\/www.bioaq.fi\/wp-content\/uploads\/2025\/03\/Ekologisk-balans-Vaxholm-2.jpg 291w, https:\/\/www.bioaq.fi\/wp-content\/uploads\/2025\/03\/Ekologisk-balans-Vaxholm-2-150x150.jpg 150w\" sizes=\"auto, (max-width: 291px) 100vw, 291px\" \/><figcaption class=\"wp-element-caption\">K\u00f6ysi Vaxholmin satamassa, jossa <strong>lev\u00e4kertym\u00e4 on v\u00e4h\u00e4inen<\/strong>. BioAq-rakenne piti satamak\u00f6ydet suhteellisen puhtaina testausjakson aikana. <\/figcaption><\/figure>\n<\/div><\/div>\n<\/div>\n","protected":false},"excerpt":{"rendered":"<p>BioAq-vedenrakentajalla on tehty tutkimuksia ja pilottitestej\u00e4 luonnollisissa vesist\u00f6iss\u00e4, kuten j\u00e4rviss\u00e4 ja puroissa, sek\u00e4 uima-altaissa. Testit on suoritettu eri tavoin sen [&hellip;]<\/p>\n","protected":false},"author":1,"featured_media":0,"parent":0,"menu_order":0,"comment_status":"closed","ping_status":"closed","template":"","meta":{"footnotes":""},"class_list":["post-1750","page","type-page","status-publish","hentry"],"_links":{"self":[{"href":"https:\/\/www.bioaq.fi\/fi\/wp-json\/wp\/v2\/pages\/1750","targetHints":{"allow":["GET"]}}],"collection":[{"href":"https:\/\/www.bioaq.fi\/fi\/wp-json\/wp\/v2\/pages"}],"about":[{"href":"https:\/\/www.bioaq.fi\/fi\/wp-json\/wp\/v2\/types\/page"}],"author":[{"embeddable":true,"href":"https:\/\/www.bioaq.fi\/fi\/wp-json\/wp\/v2\/users\/1"}],"replies":[{"embeddable":true,"href":"https:\/\/www.bioaq.fi\/fi\/wp-json\/wp\/v2\/comments?post=1750"}],"version-history":[{"count":5,"href":"https:\/\/www.bioaq.fi\/fi\/wp-json\/wp\/v2\/pages\/1750\/revisions"}],"predecessor-version":[{"id":2057,"href":"https:\/\/www.bioaq.fi\/fi\/wp-json\/wp\/v2\/pages\/1750\/revisions\/2057"}],"wp:attachment":[{"href":"https:\/\/www.bioaq.fi\/fi\/wp-json\/wp\/v2\/media?parent=1750"}],"curies":[{"name":"wp","href":"https:\/\/api.w.org\/{rel}","templated":true}]}}