{"id":1755,"date":"2025-03-23T16:16:30","date_gmt":"2025-03-23T14:16:30","guid":{"rendered":"https:\/\/www.bioaq.fi\/tuotteet\/"},"modified":"2025-08-25T13:18:09","modified_gmt":"2025-08-25T10:18:09","slug":"tuotteet","status":"publish","type":"page","link":"https:\/\/www.bioaq.fi\/fi\/tuotteet\/","title":{"rendered":"Tuotteet"},"content":{"rendered":"\n<div class=\"wp-block-cover alignwide is-light\"><img loading=\"lazy\" decoding=\"async\" width=\"1024\" height=\"574\" class=\"wp-block-cover__image-background wp-image-2139 size-large\" alt=\"\" src=\"https:\/\/www.bioaq.fi\/wp-content\/uploads\/2025\/08\/Produkter-scaled-1-1024x574.jpg\" data-object-fit=\"cover\" srcset=\"https:\/\/www.bioaq.fi\/wp-content\/uploads\/2025\/08\/Produkter-scaled-1-1024x574.jpg 1024w, https:\/\/www.bioaq.fi\/wp-content\/uploads\/2025\/08\/Produkter-scaled-1-300x168.jpg 300w, https:\/\/www.bioaq.fi\/wp-content\/uploads\/2025\/08\/Produkter-scaled-1-768x431.jpg 768w, https:\/\/www.bioaq.fi\/wp-content\/uploads\/2025\/08\/Produkter-scaled-1-1536x862.jpg 1536w, https:\/\/www.bioaq.fi\/wp-content\/uploads\/2025\/08\/Produkter-scaled-1-2048x1149.jpg 2048w\" sizes=\"auto, (max-width: 1024px) 100vw, 1024px\" \/><span aria-hidden=\"true\" class=\"wp-block-cover__background has-pale-cyan-blue-background-color has-background-dim-0 has-background-dim\"><\/span><div class=\"wp-block-cover__inner-container is-layout-flow wp-block-cover-is-layout-flow\">\n<p class=\"has-text-align-center has-black-color has-text-color has-link-color has-large-font-size wp-elements-16a01313ea231a8fe3ac229007b9eafb\"><strong>Tuotteet<\/strong><\/p>\n<\/div><\/div>\n\n\n\n<p><\/p>\n\n\n\n<p><strong>BioAq-vesilaitteet koostuvat spiraalij\u00e4rjestelm\u00e4st\u00e4, joka on j\u00e4rjestetty ainutlaatuisella tavalla. T\u00e4m\u00e4 j\u00e4rjestelm\u00e4 vaikuttaa veden strukturoimiseen ja mahdollistaa monenlaisia sovelluksia. Menetelm\u00e4 on luonnonl\u00e4heinen ja ymp\u00e4rist\u00f6yst\u00e4v\u00e4llinen, eik\u00e4 se vaadi lis\u00e4energiaa.   <\/strong><\/p>\n\n\n\n<p><strong>Tutkimukset ja henkil\u00f6kohtaiset kokemukset ovat osoittaneet, ett\u00e4 BioAq-vedell\u00e4 on erityisi\u00e4 ominaisuuksia, jotka energisoivat vett\u00e4.<\/strong><\/p>\n\n\n\n<p><strong>BioAq-laitteita voi asentaa keitti\u00f6n hanaan tai suihkuun, ja saatavilla on my\u00f6s vapaasti seisova malli, jota voi k\u00e4ytt\u00e4\u00e4 miss\u00e4 tahansa hanassa ja ottaa helposti mukaan.<\/strong><\/p>\n\n\n\n<p><strong>BioAq-vesilaitteet:<\/strong><\/p>\n\n\n\n<div class=\"wp-block-columns is-layout-flex wp-container-core-columns-is-layout-9d6595d7 wp-block-columns-is-layout-flex\">\n<div class=\"wp-block-column is-layout-flow wp-block-column-is-layout-flow\">\n<figure class=\"wp-block-image size-full\"><img loading=\"lazy\" decoding=\"async\" width=\"600\" height=\"400\" src=\"https:\/\/www.bioaq.fi\/wp-content\/uploads\/2025\/03\/Produkter-sida-bild-2.jpg\" alt=\"\" class=\"wp-image-1553\" srcset=\"https:\/\/www.bioaq.fi\/wp-content\/uploads\/2025\/03\/Produkter-sida-bild-2.jpg 600w, https:\/\/www.bioaq.fi\/wp-content\/uploads\/2025\/03\/Produkter-sida-bild-2-300x200.jpg 300w\" sizes=\"auto, (max-width: 600px) 100vw, 600px\" \/><figcaption class=\"wp-element-caption\">Korkeus: 13 cm<\/figcaption><\/figure>\n<\/div>\n\n\n\n<div class=\"wp-block-column is-layout-flow wp-block-column-is-layout-flow\">\n<figure class=\"wp-block-image size-full\"><img loading=\"lazy\" decoding=\"async\" width=\"600\" height=\"400\" src=\"https:\/\/www.bioaq.fi\/wp-content\/uploads\/2025\/03\/Produkter-sida-bild-3.jpg\" alt=\"\" class=\"wp-image-1556\" srcset=\"https:\/\/www.bioaq.fi\/wp-content\/uploads\/2025\/03\/Produkter-sida-bild-3.jpg 600w, https:\/\/www.bioaq.fi\/wp-content\/uploads\/2025\/03\/Produkter-sida-bild-3-300x200.jpg 300w\" sizes=\"auto, (max-width: 600px) 100vw, 600px\" \/><\/figure>\n<\/div>\n\n\n\n<div class=\"wp-block-column is-layout-flow wp-block-column-is-layout-flow\">\n<figure class=\"wp-block-image size-full\"><img loading=\"lazy\" decoding=\"async\" width=\"600\" height=\"400\" src=\"https:\/\/www.bioaq.fi\/wp-content\/uploads\/2025\/03\/Produkter-sida-bild-4.jpg\" alt=\"\" class=\"wp-image-1559\" srcset=\"https:\/\/www.bioaq.fi\/wp-content\/uploads\/2025\/03\/Produkter-sida-bild-4.jpg 600w, https:\/\/www.bioaq.fi\/wp-content\/uploads\/2025\/03\/Produkter-sida-bild-4-300x200.jpg 300w\" sizes=\"auto, (max-width: 600px) 100vw, 600px\" \/><\/figure>\n<\/div>\n<\/div>\n\n\n\n<p><strong>BioAq tarjoaa my\u00f6s mielell\u00e4\u00e4n ratkaisuja suurempiin vesirakenteisiin, esimerkiksi ekologisen tasapainon edist\u00e4miseksi. Lis\u00e4tietoja: (info@bioaq.fi) <\/strong><\/p>\n\n\n\n<p><\/p>\n","protected":false},"excerpt":{"rendered":"<p>BioAq-vesilaitteet koostuvat spiraalij\u00e4rjestelm\u00e4st\u00e4, joka on j\u00e4rjestetty ainutlaatuisella tavalla. T\u00e4m\u00e4 j\u00e4rjestelm\u00e4 vaikuttaa veden strukturoimiseen ja mahdollistaa monenlaisia sovelluksia. Menetelm\u00e4 on luonnonl\u00e4heinen [&hellip;]<\/p>\n","protected":false},"author":1,"featured_media":0,"parent":0,"menu_order":0,"comment_status":"closed","ping_status":"closed","template":"","meta":{"footnotes":""},"class_list":["post-1755","page","type-page","status-publish","hentry"],"_links":{"self":[{"href":"https:\/\/www.bioaq.fi\/fi\/wp-json\/wp\/v2\/pages\/1755","targetHints":{"allow":["GET"]}}],"collection":[{"href":"https:\/\/www.bioaq.fi\/fi\/wp-json\/wp\/v2\/pages"}],"about":[{"href":"https:\/\/www.bioaq.fi\/fi\/wp-json\/wp\/v2\/types\/page"}],"author":[{"embeddable":true,"href":"https:\/\/www.bioaq.fi\/fi\/wp-json\/wp\/v2\/users\/1"}],"replies":[{"embeddable":true,"href":"https:\/\/www.bioaq.fi\/fi\/wp-json\/wp\/v2\/comments?post=1755"}],"version-history":[{"count":3,"href":"https:\/\/www.bioaq.fi\/fi\/wp-json\/wp\/v2\/pages\/1755\/revisions"}],"predecessor-version":[{"id":2143,"href":"https:\/\/www.bioaq.fi\/fi\/wp-json\/wp\/v2\/pages\/1755\/revisions\/2143"}],"wp:attachment":[{"href":"https:\/\/www.bioaq.fi\/fi\/wp-json\/wp\/v2\/media?parent=1755"}],"curies":[{"name":"wp","href":"https:\/\/api.w.org\/{rel}","templated":true}]}}