{"id":1440,"date":"2025-03-16T15:23:57","date_gmt":"2025-03-16T13:23:57","guid":{"rendered":"https:\/\/www.bioaq.fi\/bion-institute\/"},"modified":"2026-02-16T15:52:27","modified_gmt":"2026-02-16T13:52:27","slug":"bion-institute","status":"publish","type":"page","link":"https:\/\/www.bioaq.fi\/sv\/bion-institute\/","title":{"rendered":"BION Institute SE"},"content":{"rendered":"\n<p>Forskningsinstitutet BION Institute for Bioelectromagnetics and New Biology i Ljubljana, Slovenien har gjort en vetenskaplig unders\u00f6kning p\u00e5 BioAq vatten. Testen utf\u00f6rdes vid olika tillf\u00e4llen med BioAq vatten och kontrollvatten och f\u00f6rs\u00f6kspersonernas fysiologiska respons m\u00e4ttes. Man ville i unders\u00f6kningen testa energip\u00e5verkan p\u00e5 m\u00e4nniskan. Syftet var att unders\u00f6ka en objektiv subtil f\u00e4ltp\u00e5verkan av BioAq strukturerat vatten p\u00e5 m\u00e4nniskan. Testningen var prospektiv och randomiserad. Placeboeffekt utesl\u00f6ts, testpersonerna visste inte vilket vatten de drack. Unders\u00f6kningen var dessutom dubbelblind, inte ens testassistenten visste vilket vatten det var fr\u00e5gan om. Metoden som anv\u00e4ndes gick till p\u00e5 det s\u00e4ttet att olika fysiologiska parametrar m\u00e4ttes i testsituationer n\u00e4r f\u00f6rs\u00f6kspersonerna antingen druckit BioAq vatten eller kontrollvatten. F\u00f6r att m\u00e4ta parametrarna anv\u00e4ndes en Biosignalplux anordning, f\u00f6r att kontrollera skillnader anv\u00e4ndes Wilcoxon test och f\u00f6r fler j\u00e4mf\u00f6relser Holm-Bonferroni-korrigering. Resultaten visade p\u00e5 flera statistiska signifikanta skillnader vid konsumtion av BioAq vatten och kontrollvatten. Det visade att BioAq vatten har en energigivande effekt p\u00e5 m\u00e4nniskor.           <\/p>\n","protected":false},"excerpt":{"rendered":"<p>Forskningsinstitutet BION Institute for Bioelectromagnetics and New Biology i Ljubljana, Slovenien har gjort en vetenskaplig unders\u00f6kning p\u00e5 BioAq vatten. Testen [&hellip;]<\/p>\n","protected":false},"author":1,"featured_media":0,"parent":0,"menu_order":0,"comment_status":"closed","ping_status":"closed","template":"","meta":{"footnotes":""},"class_list":["post-1440","page","type-page","status-publish","hentry"],"_links":{"self":[{"href":"https:\/\/www.bioaq.fi\/sv\/wp-json\/wp\/v2\/pages\/1440","targetHints":{"allow":["GET"]}}],"collection":[{"href":"https:\/\/www.bioaq.fi\/sv\/wp-json\/wp\/v2\/pages"}],"about":[{"href":"https:\/\/www.bioaq.fi\/sv\/wp-json\/wp\/v2\/types\/page"}],"author":[{"embeddable":true,"href":"https:\/\/www.bioaq.fi\/sv\/wp-json\/wp\/v2\/users\/1"}],"replies":[{"embeddable":true,"href":"https:\/\/www.bioaq.fi\/sv\/wp-json\/wp\/v2\/comments?post=1440"}],"version-history":[{"count":4,"href":"https:\/\/www.bioaq.fi\/sv\/wp-json\/wp\/v2\/pages\/1440\/revisions"}],"predecessor-version":[{"id":2355,"href":"https:\/\/www.bioaq.fi\/sv\/wp-json\/wp\/v2\/pages\/1440\/revisions\/2355"}],"wp:attachment":[{"href":"https:\/\/www.bioaq.fi\/sv\/wp-json\/wp\/v2\/media?parent=1440"}],"curies":[{"name":"wp","href":"https:\/\/api.w.org\/{rel}","templated":true}]}}