{"id":1603,"date":"2022-03-05T14:13:31","date_gmt":"2022-03-05T13:13:31","guid":{"rendered":"https:\/\/www.bioaq.fi\/ecological-balance\/"},"modified":"2025-09-15T18:11:25","modified_gmt":"2025-09-15T15:11:25","slug":"ekologisk-balans","status":"publish","type":"page","link":"https:\/\/www.bioaq.fi\/sv\/ekologisk-balans\/","title":{"rendered":"Ekologisk balans"},"content":{"rendered":"\n<div class=\"wp-block-cover alignwide is-light\"><img loading=\"lazy\" decoding=\"async\" width=\"1024\" height=\"390\" class=\"wp-block-cover__image-background wp-image-1627\" alt=\"\" src=\"https:\/\/www.bioaq.fi\/wp-content\/uploads\/2025\/03\/Ekologisk-balans-1024x390.jpg\" data-object-fit=\"cover\" srcset=\"https:\/\/www.bioaq.fi\/wp-content\/uploads\/2025\/03\/Ekologisk-balans-1024x390.jpg 1024w, https:\/\/www.bioaq.fi\/wp-content\/uploads\/2025\/03\/Ekologisk-balans-300x114.jpg 300w, https:\/\/www.bioaq.fi\/wp-content\/uploads\/2025\/03\/Ekologisk-balans-768x293.jpg 768w, https:\/\/www.bioaq.fi\/wp-content\/uploads\/2025\/03\/Ekologisk-balans-1536x586.jpg 1536w, https:\/\/www.bioaq.fi\/wp-content\/uploads\/2025\/03\/Ekologisk-balans-2048x781.jpg 2048w\" sizes=\"auto, (max-width: 1024px) 100vw, 1024px\" \/><span aria-hidden=\"true\" class=\"wp-block-cover__background has-pale-cyan-blue-background-color has-background-dim-0 has-background-dim\"><\/span><div class=\"wp-block-cover__inner-container is-layout-flow wp-block-cover-is-layout-flow\">\n<p class=\"has-text-align-center has-white-color has-text-color has-link-color has-large-font-size wp-elements-70837ce9fbe080ceba254bfe2781a0c8\"><strong>Ekologisk balans<\/strong><\/p>\n<\/div><\/div>\n\n<p><\/p>\n\n<p><strong>Unders\u00f6kningar och pilottest med BioAq vattenstrukturerare har utf\u00f6rts i naturvatten s\u00e5som sj\u00f6ar och vattendrag samt i simbass\u00e4nger. Testerna har g\u00e5tt till p\u00e5 olika s\u00e4tt beroende p\u00e5 vad som granskats. Gemensamt f\u00f6r unders\u00f6kningarna har varit att vattenprov tagits och iakttagelser gjorts f\u00f6re en strukturerare placerats ut i vattnet. Nya observationer har gjorts samt nya vattenprov har tagits efter utplacerandet av struktureraren. Detta har skett med varierande tidsintervall. Bland annat har f\u00f6rekomsten av alger unders\u00f6kts.     <\/strong><\/p>\n\n<p><strong>M\u00e5nga skillnader har konstaterats efter att en BioAq strukturerare har utplacerats i vattnet. Resultat som f\u00f6rekommit vid upprepade tillf\u00e4llen \u00e4r bland annat f\u00f6ljande: <\/strong><\/p>\n\n<div class=\"wp-block-columns is-layout-flex wp-container-core-columns-is-layout-9d6595d7 wp-block-columns-is-layout-flex\">\n<div class=\"wp-block-column is-layout-flow wp-block-column-is-layout-flow\" style=\"flex-basis:66.66%\">\n<ul class=\"wp-block-list\">\n<li>Gr\u00f6nalger minskar.<\/li>\n\n\n\n<li>Pelagiska alger minskar.<\/li>\n\n\n\n<li>Cyanobakterier minskar.<\/li>\n\n\n\n<li>Fanerogamer (blomv\u00e4xter) gynnas.<\/li>\n\n\n\n<li>Siktdjupet i vattnet \u00f6kar.<\/li>\n\n\n\n<li>Vattnet blir klarare.<\/li>\n\n\n\n<li>Vattnet i simbass\u00e4nger upplevs behagligare att bada i.<\/li>\n<\/ul>\n\n\n\n<p><br\/><br\/><strong>De m\u00e5nga unders\u00f6kningarna och pilottesten som har visat p\u00e5 liknande resultat ger en stark indikation p\u00e5 att det f\u00f6religger ett samband mellan f\u00f6rb\u00e4ttrat vatten och utplacerandet av en BioAq strukturerare. Det ger en stark indikation p\u00e5 att BioAq strukturerare bidrar till att skapa ekologisk balans i naturvatten. Forskning i st\u00f6rre skala ska utf\u00f6ras.  <\/strong><\/p>\n<\/div>\n\n\n\n<div class=\"wp-block-column is-layout-flow wp-block-column-is-layout-flow\" style=\"flex-basis:33.33%\">\n<figure class=\"wp-block-image size-full is-resized\"><img loading=\"lazy\" decoding=\"async\" width=\"600\" height=\"815\" src=\"https:\/\/www.bioaq.fi\/wp-content\/uploads\/2025\/03\/Ekologisk-balans-bild-2.jpg\" alt=\"\" class=\"wp-image-1537\" style=\"width:auto;height:500px\" srcset=\"https:\/\/www.bioaq.fi\/wp-content\/uploads\/2025\/03\/Ekologisk-balans-bild-2.jpg 600w, https:\/\/www.bioaq.fi\/wp-content\/uploads\/2025\/03\/Ekologisk-balans-bild-2-221x300.jpg 221w\" sizes=\"auto, (max-width: 600px) 100vw, 600px\" \/><\/figure>\n<\/div>\n<\/div>\n\n<p><\/p>\n<div class=\"wp-block-image\">\n<figure class=\"aligncenter size-full is-resized\"><img loading=\"lazy\" decoding=\"async\" width=\"1347\" height=\"897\" src=\"https:\/\/www.bioaq.fi\/wp-content\/uploads\/2022\/03\/ecological_balance.jpg\" alt=\"ekologisk balans\" class=\"wp-image-84\" style=\"width:700px\" srcset=\"https:\/\/www.bioaq.fi\/wp-content\/uploads\/2022\/03\/ecological_balance.jpg 1347w, https:\/\/www.bioaq.fi\/wp-content\/uploads\/2022\/03\/ecological_balance-500x333.jpg 500w, https:\/\/www.bioaq.fi\/wp-content\/uploads\/2022\/03\/ecological_balance-300x200.jpg 300w, https:\/\/www.bioaq.fi\/wp-content\/uploads\/2022\/03\/ecological_balance-1024x682.jpg 1024w, https:\/\/www.bioaq.fi\/wp-content\/uploads\/2022\/03\/ecological_balance-768x511.jpg 768w\" sizes=\"auto, (max-width: 1347px) 100vw, 1347px\" \/><\/figure>\n<\/div>\n<p><br\/><strong>Ett exempel p\u00e5 en unders\u00f6kning som gjorts \u00e4r f\u00f6ljande:<\/strong><\/p>\n\n<p><strong>G\u00e4sthamnen i Vaxholm hade problem med omfattande bel\u00e4ggning av gr\u00f6nalger p\u00e5 linor och stolpar. Siktdjupet \u2013 ibland mindre \u00e4n 50 cm \u2013 hade f\u00f6rs\u00e4mrats av alger och cynobakterier. En Bio-Aq strukturerare utplacerades i hamnen samtidigt som nya linor s\u00e4nktes ner f\u00f6r kontroll. Avsikten var att utv\u00e4rdera vilken betydelse struktureraren har f\u00f6r f\u00f6rekomsten av alger och cyanobakterier.   <\/strong><\/p>\n\n<p><strong>Tv\u00e5 veckor efter utplaceringen av BioAq struktureraren rapporterades att siktdjupet \u00f6kat till 1,5 meter. Senare uppm\u00e4ttes ett siktdjup p\u00e5 cirka 2 meter. <\/strong><\/p>\n\n<p><strong>N\u00e4r gamla och nya linor granskades ett par m\u00e5nader senare konstaterades att bel\u00e4ggningen av gr\u00f6nalger minskat avsev\u00e4rt p\u00e5 linor i hela hamnen. Gr\u00f6nalger av \u00e4ldre datum hade till stor del m\u00f6rknat. P\u00e5 kontrollinorna hade det skett endast en obetydlig etablering. Algp\u00e5v\u00e4xten p\u00e5 de nya linorna var med andra ord avsev\u00e4rt mindre \u00e4n vad som tidigare betraktats som normalt i hamnen.   <\/strong><\/p>\n\n<p><strong>Pelagiska alger och cyanobakterier minskade vilket ledde till \u00f6kat siktdjup.<\/strong><\/p>\n\n<p><strong>En iakttagelse var att linorna var trevligare att hantera och att de dessutom var l\u00e4ttare att reng\u00f6ra. B\u00e5t\u00e4gare upplevde f\u00f6r\u00e4ndringen positivt med de mindre slemmiga linorna.<br\/>F\u00f6ljande \u00e4r ett par bilder fr\u00e5n unders\u00f6kningen:  <\/strong><\/p>\n\n<div class=\"wp-block-columns is-layout-flex wp-container-core-columns-is-layout-9d6595d7 wp-block-columns-is-layout-flex\">\n<div class=\"wp-block-column is-layout-flow wp-block-column-is-layout-flow\"><div class=\"wp-block-image\">\n<figure class=\"aligncenter size-full\"><img loading=\"lazy\" decoding=\"async\" width=\"297\" height=\"289\" src=\"https:\/\/www.bioaq.fi\/wp-content\/uploads\/2025\/03\/Ekologisk-balans-Vaxholm-1.jpg\" alt=\"\" class=\"wp-image-1540\"\/><figcaption class=\"wp-element-caption\">Lina I Vaxholm med <strong>mycket alger<\/strong>.<\/figcaption><\/figure>\n<\/div><\/div>\n\n\n\n<div class=\"wp-block-column is-layout-flow wp-block-column-is-layout-flow\"><div class=\"wp-block-image\">\n<figure class=\"aligncenter size-full\"><img loading=\"lazy\" decoding=\"async\" width=\"291\" height=\"289\" src=\"https:\/\/www.bioaq.fi\/wp-content\/uploads\/2025\/03\/Ekologisk-balans-Vaxholm-2.jpg\" alt=\"\" class=\"wp-image-1543\" srcset=\"https:\/\/www.bioaq.fi\/wp-content\/uploads\/2025\/03\/Ekologisk-balans-Vaxholm-2.jpg 291w, https:\/\/www.bioaq.fi\/wp-content\/uploads\/2025\/03\/Ekologisk-balans-Vaxholm-2-150x150.jpg 150w\" sizes=\"auto, (max-width: 291px) 100vw, 291px\" \/><figcaption class=\"wp-element-caption\">Lina I Vaxholm med <strong>minimal m\u00e4ngd alger<\/strong>. BioAq strukturerare h\u00f6ll linorna relativt rena under f\u00f6rs\u00f6ksperioden. <\/figcaption><\/figure>\n<\/div><\/div>\n<\/div>\n","protected":false},"excerpt":{"rendered":"<p>Unders\u00f6kningar och pilottest med BioAq vattenstrukturerare har utf\u00f6rts i naturvatten s\u00e5som sj\u00f6ar och vattendrag samt i simbass\u00e4nger. Testerna har g\u00e5tt [&hellip;]<\/p>\n","protected":false},"author":1,"featured_media":0,"parent":0,"menu_order":0,"comment_status":"closed","ping_status":"closed","template":"","meta":{"footnotes":""},"class_list":["post-1603","page","type-page","status-publish","hentry"],"_links":{"self":[{"href":"https:\/\/www.bioaq.fi\/sv\/wp-json\/wp\/v2\/pages\/1603","targetHints":{"allow":["GET"]}}],"collection":[{"href":"https:\/\/www.bioaq.fi\/sv\/wp-json\/wp\/v2\/pages"}],"about":[{"href":"https:\/\/www.bioaq.fi\/sv\/wp-json\/wp\/v2\/types\/page"}],"author":[{"embeddable":true,"href":"https:\/\/www.bioaq.fi\/sv\/wp-json\/wp\/v2\/users\/1"}],"replies":[{"embeddable":true,"href":"https:\/\/www.bioaq.fi\/sv\/wp-json\/wp\/v2\/comments?post=1603"}],"version-history":[{"count":7,"href":"https:\/\/www.bioaq.fi\/sv\/wp-json\/wp\/v2\/pages\/1603\/revisions"}],"predecessor-version":[{"id":2056,"href":"https:\/\/www.bioaq.fi\/sv\/wp-json\/wp\/v2\/pages\/1603\/revisions\/2056"}],"wp:attachment":[{"href":"https:\/\/www.bioaq.fi\/sv\/wp-json\/wp\/v2\/media?parent=1603"}],"curies":[{"name":"wp","href":"https:\/\/api.w.org\/{rel}","templated":true}]}}