{"id":1761,"date":"2025-03-23T16:22:51","date_gmt":"2025-03-23T14:22:51","guid":{"rendered":"https:\/\/www.bioaq.fi\/aterforsaljare\/"},"modified":"2025-04-05T17:13:18","modified_gmt":"2025-04-05T14:13:18","slug":"aterforsaljare","status":"publish","type":"page","link":"https:\/\/www.bioaq.fi\/sv\/aterforsaljare\/","title":{"rendered":"\u00c5terf\u00f6rs\u00e4ljare"},"content":{"rendered":"\n<div class=\"wp-block-cover alignwide is-light\"><span aria-hidden=\"true\" class=\"wp-block-cover__background has-background-dim-0 has-background-dim\"><\/span><img loading=\"lazy\" decoding=\"async\" width=\"1024\" height=\"392\" class=\"wp-block-cover__image-background wp-image-1874\" alt=\"\" src=\"https:\/\/www.bioaq.fi\/wp-content\/uploads\/2025\/04\/Aterforsaljare-1024x392.jpg\" data-object-fit=\"cover\" srcset=\"https:\/\/www.bioaq.fi\/wp-content\/uploads\/2025\/04\/Aterforsaljare-1024x392.jpg 1024w, https:\/\/www.bioaq.fi\/wp-content\/uploads\/2025\/04\/Aterforsaljare-300x115.jpg 300w, https:\/\/www.bioaq.fi\/wp-content\/uploads\/2025\/04\/Aterforsaljare-768x294.jpg 768w, https:\/\/www.bioaq.fi\/wp-content\/uploads\/2025\/04\/Aterforsaljare-1536x587.jpg 1536w, https:\/\/www.bioaq.fi\/wp-content\/uploads\/2025\/04\/Aterforsaljare-2048x783.jpg 2048w\" sizes=\"auto, (max-width: 1024px) 100vw, 1024px\" \/><div class=\"wp-block-cover__inner-container is-layout-flow wp-block-cover-is-layout-flow\">\n<p class=\"has-text-align-center has-large-font-size\"><strong>\u00c5terf\u00f6rs\u00e4ljare<\/strong><\/p>\n<\/div><\/div>\n\n<p><\/p>\n\n<p><strong>F\u00f6rs\u00e4ljning ska b\u00f6rja ske via \u00e5terf\u00f6rs\u00e4ljare. H\u00f6r g\u00e4rna av dig om du vill bli \u00e5terf\u00f6rs\u00e4ljare. (info@bioaq.fi)  <\/strong><\/p>\n","protected":false},"excerpt":{"rendered":"<p>F\u00f6rs\u00e4ljning ska b\u00f6rja ske via \u00e5terf\u00f6rs\u00e4ljare. H\u00f6r g\u00e4rna av dig om du vill bli \u00e5terf\u00f6rs\u00e4ljare. (info@bioaq.fi)<\/p>\n","protected":false},"author":1,"featured_media":0,"parent":0,"menu_order":0,"comment_status":"closed","ping_status":"closed","template":"","meta":{"footnotes":""},"class_list":["post-1761","page","type-page","status-publish","hentry"],"_links":{"self":[{"href":"https:\/\/www.bioaq.fi\/sv\/wp-json\/wp\/v2\/pages\/1761","targetHints":{"allow":["GET"]}}],"collection":[{"href":"https:\/\/www.bioaq.fi\/sv\/wp-json\/wp\/v2\/pages"}],"about":[{"href":"https:\/\/www.bioaq.fi\/sv\/wp-json\/wp\/v2\/types\/page"}],"author":[{"embeddable":true,"href":"https:\/\/www.bioaq.fi\/sv\/wp-json\/wp\/v2\/users\/1"}],"replies":[{"embeddable":true,"href":"https:\/\/www.bioaq.fi\/sv\/wp-json\/wp\/v2\/comments?post=1761"}],"version-history":[{"count":6,"href":"https:\/\/www.bioaq.fi\/sv\/wp-json\/wp\/v2\/pages\/1761\/revisions"}],"predecessor-version":[{"id":1889,"href":"https:\/\/www.bioaq.fi\/sv\/wp-json\/wp\/v2\/pages\/1761\/revisions\/1889"}],"wp:attachment":[{"href":"https:\/\/www.bioaq.fi\/sv\/wp-json\/wp\/v2\/media?parent=1761"}],"curies":[{"name":"wp","href":"https:\/\/api.w.org\/{rel}","templated":true}]}}