{"id":2254,"date":"2025-09-15T17:23:18","date_gmt":"2025-09-15T14:23:18","guid":{"rendered":"https:\/\/www.bioaq.fi\/valj-onskat-sprak\/"},"modified":"2025-09-15T17:42:41","modified_gmt":"2025-09-15T14:42:41","slug":"valj-onskat-sprak","status":"publish","type":"page","link":"https:\/\/www.bioaq.fi\/sv\/valj-onskat-sprak\/","title":{"rendered":"V\u00e4lj \u00f6nskat spr\u00e5k"},"content":{"rendered":"\n<div style=\"height:100px\" aria-hidden=\"true\" class=\"wp-block-spacer\"><\/div>\n\n<h1 class=\"wp-block-heading\">V\u00e4lj \u00f6nskat spr\u00e5k<\/h1>\n\n<p>F\u00f6r att kunna betj\u00e4na dig p\u00e5 b\u00e4sta m\u00f6jliga s\u00e4tt, vill vi att du v\u00e4ljer \u00f6nskat spr\u00e5k innan du forts\u00e4tter till sajten.<\/p>\n\n<div role=\"navigation\" aria-label=\"Spr\u00e5kbytare\" class=\"wpml-ls-statics-shortcode_actions wpml-ls wpml-ls-legacy-list-horizontal\">\n\t<ul><li class=\"wpml-ls-slot-shortcode_actions wpml-ls-item wpml-ls-item-en wpml-ls-first-item wpml-ls-item-legacy-list-horizontal\">\n\t\t\t\t<a href=\"https:\/\/www.bioaq.fi\/en\/\" hreflang=\"en\" lang=\"en\" class=\"wpml-ls-link\" aria-label=\"Byt till English\" title=\"Byt till English\">\n\t\t\t\t\t                                    <img decoding=\"async\"\n            class=\"wpml-ls-flag\"\n            src=\"https:\/\/www.bioaq.fi\/wp-content\/plugins\/sitepress-multilingual-cms\/res\/flags\/en.png\"\n            alt=\"\"\n            loading=\"lazy\"\n            width=18\n            height=12\n    \/><span class=\"wpml-ls-native\">English<\/span><\/a>\n\t\t\t<\/li><li class=\"wpml-ls-slot-shortcode_actions wpml-ls-item wpml-ls-item-sv wpml-ls-current-language wpml-ls-item-legacy-list-horizontal\">\n\t\t\t\t<a href=\"https:\/\/www.bioaq.fi\/sv\/\" hreflang=\"sv\" lang=\"sv\" class=\"wpml-ls-link\" aria-current=\"page\" aria-label=\"Byt till Svenska\" title=\"Byt till Svenska\">\n\t\t\t\t\t                                    <img decoding=\"async\"\n            class=\"wpml-ls-flag\"\n            src=\"https:\/\/www.bioaq.fi\/wp-content\/plugins\/sitepress-multilingual-cms\/res\/flags\/sv.png\"\n            alt=\"\"\n            loading=\"lazy\"\n            width=18\n            height=12\n    \/><span class=\"wpml-ls-native\">Svenska<\/span><\/a>\n\t\t\t<\/li><li class=\"wpml-ls-slot-shortcode_actions wpml-ls-item wpml-ls-item-fi wpml-ls-last-item wpml-ls-item-legacy-list-horizontal\">\n\t\t\t\t<a href=\"https:\/\/www.bioaq.fi\/fi\/\" hreflang=\"fi\" lang=\"fi\" class=\"wpml-ls-link\" aria-label=\"Byt till Suomi\" title=\"Byt till Suomi\">\n\t\t\t\t\t                                    <img decoding=\"async\"\n            class=\"wpml-ls-flag\"\n            src=\"https:\/\/www.bioaq.fi\/wp-content\/plugins\/sitepress-multilingual-cms\/res\/flags\/fi.png\"\n            alt=\"\"\n            loading=\"lazy\"\n            width=18\n            height=12\n    \/><span class=\"wpml-ls-native\">Suomi<\/span><\/a>\n\t\t\t<\/li><\/ul>\n<\/div>\n\n\n<p><\/p>\n","protected":false},"excerpt":{"rendered":"<p>V\u00e4lj \u00f6nskat spr\u00e5k F\u00f6r att kunna betj\u00e4na dig p\u00e5 b\u00e4sta m\u00f6jliga s\u00e4tt, vill vi att du v\u00e4ljer \u00f6nskat spr\u00e5k innan [&hellip;]<\/p>\n","protected":false},"author":5,"featured_media":0,"parent":0,"menu_order":0,"comment_status":"closed","ping_status":"closed","template":"","meta":{"footnotes":""},"class_list":["post-2254","page","type-page","status-publish","hentry"],"_links":{"self":[{"href":"https:\/\/www.bioaq.fi\/sv\/wp-json\/wp\/v2\/pages\/2254","targetHints":{"allow":["GET"]}}],"collection":[{"href":"https:\/\/www.bioaq.fi\/sv\/wp-json\/wp\/v2\/pages"}],"about":[{"href":"https:\/\/www.bioaq.fi\/sv\/wp-json\/wp\/v2\/types\/page"}],"author":[{"embeddable":true,"href":"https:\/\/www.bioaq.fi\/sv\/wp-json\/wp\/v2\/users\/5"}],"replies":[{"embeddable":true,"href":"https:\/\/www.bioaq.fi\/sv\/wp-json\/wp\/v2\/comments?post=2254"}],"version-history":[{"count":1,"href":"https:\/\/www.bioaq.fi\/sv\/wp-json\/wp\/v2\/pages\/2254\/revisions"}],"predecessor-version":[{"id":2258,"href":"https:\/\/www.bioaq.fi\/sv\/wp-json\/wp\/v2\/pages\/2254\/revisions\/2258"}],"wp:attachment":[{"href":"https:\/\/www.bioaq.fi\/sv\/wp-json\/wp\/v2\/media?parent=2254"}],"curies":[{"name":"wp","href":"https:\/\/api.w.org\/{rel}","templated":true}]}}