{"id":230,"date":"2022-03-05T14:15:26","date_gmt":"2022-03-05T13:15:26","guid":{"rendered":"https:\/\/www.bioaq.fi\/technology\/"},"modified":"2025-08-25T13:19:37","modified_gmt":"2025-08-25T10:19:37","slug":"products","status":"publish","type":"page","link":"https:\/\/www.bioaq.fi\/sv\/products\/","title":{"rendered":"Produkter"},"content":{"rendered":"\n<div class=\"wp-block-cover alignwide is-light\"><img loading=\"lazy\" decoding=\"async\" width=\"1024\" height=\"574\" class=\"wp-block-cover__image-background wp-image-2140 size-large\" alt=\"\" src=\"https:\/\/www.bioaq.fi\/wp-content\/uploads\/2025\/08\/Produkter-scaled-1-1024x574.jpg\" data-object-fit=\"cover\" srcset=\"https:\/\/www.bioaq.fi\/wp-content\/uploads\/2025\/08\/Produkter-scaled-1-1024x574.jpg 1024w, https:\/\/www.bioaq.fi\/wp-content\/uploads\/2025\/08\/Produkter-scaled-1-300x168.jpg 300w, https:\/\/www.bioaq.fi\/wp-content\/uploads\/2025\/08\/Produkter-scaled-1-768x431.jpg 768w, https:\/\/www.bioaq.fi\/wp-content\/uploads\/2025\/08\/Produkter-scaled-1-1536x862.jpg 1536w, https:\/\/www.bioaq.fi\/wp-content\/uploads\/2025\/08\/Produkter-scaled-1-2048x1149.jpg 2048w\" sizes=\"auto, (max-width: 1024px) 100vw, 1024px\" \/><span aria-hidden=\"true\" class=\"wp-block-cover__background has-pale-cyan-blue-background-color has-background-dim-0 has-background-dim\"><\/span><div class=\"wp-block-cover__inner-container is-layout-flow wp-block-cover-is-layout-flow\">\n<p class=\"has-text-align-center has-black-color has-text-color has-link-color has-large-font-size wp-elements-5d9031064c040c54751a517ab567f925\"><strong>Produkter<\/strong><\/p>\n<\/div><\/div>\n\n\n\n<p><\/p>\n\n\n\n<p><strong>BioAq vatten strukturerare best\u00e5r av ett spiralsystem arrangerat p\u00e5 ett specifikt s\u00e4tt. Det \u00e4r ett unikt system som p\u00e5verkar vattnets struktur och ger m\u00f6jlighet till m\u00e5nga till\u00e4mpningar. Metoden \u00e4r naturn\u00e4ra och milj\u00f6v\u00e4nlig. Den kr\u00e4ver inte heller att energi tillf\u00f6rs.   <\/strong><\/p>\n\n\n\n<p><strong>Forskning samt personliga erfarenheter har visat speciella egenskaper hos BioAq energigivande vatten.<\/strong><\/p>\n\n\n\n<p><strong>Det finns strukturerare f\u00f6r att montera p\u00e5 en k\u00f6kskran eller till duschen och det finns en frist\u00e5ende som man kan anv\u00e4nda p\u00e5 valfri kran och \u00e4ven ta med sig.<\/strong><\/p>\n\n\n\n<p><strong>BioAq vatten strukturerare:<\/strong><\/p>\n\n\n\n<div class=\"wp-block-columns is-layout-flex wp-container-core-columns-is-layout-9d6595d7 wp-block-columns-is-layout-flex\">\n<div class=\"wp-block-column is-layout-flow wp-block-column-is-layout-flow\">\n<figure class=\"wp-block-image size-full\"><img loading=\"lazy\" decoding=\"async\" width=\"600\" height=\"400\" src=\"https:\/\/www.bioaq.fi\/wp-content\/uploads\/2025\/03\/Produkter-sida-bild-2.jpg\" alt=\"\" class=\"wp-image-1553\" srcset=\"https:\/\/www.bioaq.fi\/wp-content\/uploads\/2025\/03\/Produkter-sida-bild-2.jpg 600w, https:\/\/www.bioaq.fi\/wp-content\/uploads\/2025\/03\/Produkter-sida-bild-2-300x200.jpg 300w\" sizes=\"auto, (max-width: 600px) 100vw, 600px\" \/><figcaption class=\"wp-element-caption\">H\u00f6jd: 13 cm<\/figcaption><\/figure>\n<\/div>\n\n\n\n<div class=\"wp-block-column is-layout-flow wp-block-column-is-layout-flow\">\n<figure class=\"wp-block-image size-full\"><img loading=\"lazy\" decoding=\"async\" width=\"600\" height=\"400\" src=\"https:\/\/www.bioaq.fi\/wp-content\/uploads\/2025\/03\/Produkter-sida-bild-3.jpg\" alt=\"\" class=\"wp-image-1556\" srcset=\"https:\/\/www.bioaq.fi\/wp-content\/uploads\/2025\/03\/Produkter-sida-bild-3.jpg 600w, https:\/\/www.bioaq.fi\/wp-content\/uploads\/2025\/03\/Produkter-sida-bild-3-300x200.jpg 300w\" sizes=\"auto, (max-width: 600px) 100vw, 600px\" \/><\/figure>\n<\/div>\n\n\n\n<div class=\"wp-block-column is-layout-flow wp-block-column-is-layout-flow\">\n<figure class=\"wp-block-image size-full\"><img loading=\"lazy\" decoding=\"async\" width=\"600\" height=\"400\" src=\"https:\/\/www.bioaq.fi\/wp-content\/uploads\/2025\/03\/Produkter-sida-bild-4.jpg\" alt=\"\" class=\"wp-image-1559\" srcset=\"https:\/\/www.bioaq.fi\/wp-content\/uploads\/2025\/03\/Produkter-sida-bild-4.jpg 600w, https:\/\/www.bioaq.fi\/wp-content\/uploads\/2025\/03\/Produkter-sida-bild-4-300x200.jpg 300w\" sizes=\"auto, (max-width: 600px) 100vw, 600px\" \/><\/figure>\n<\/div>\n<\/div>\n\n\n\n<p><strong>St\u00f6rre vatten strukturerare, till exempel f\u00f6r ekologisk balans, kan ocks\u00e5 diskuteras med BioAq. (info@bioaq.fi) <\/strong><\/p>\n\n\n\n<p><\/p>\n","protected":false},"excerpt":{"rendered":"<p>BioAq vatten strukturerare best\u00e5r av ett spiralsystem arrangerat p\u00e5 ett specifikt s\u00e4tt. Det \u00e4r ett unikt system som p\u00e5verkar vattnets [&hellip;]<\/p>\n","protected":false},"author":1,"featured_media":0,"parent":0,"menu_order":0,"comment_status":"closed","ping_status":"closed","template":"","meta":{"footnotes":""},"class_list":["post-230","page","type-page","status-publish","hentry"],"_links":{"self":[{"href":"https:\/\/www.bioaq.fi\/sv\/wp-json\/wp\/v2\/pages\/230","targetHints":{"allow":["GET"]}}],"collection":[{"href":"https:\/\/www.bioaq.fi\/sv\/wp-json\/wp\/v2\/pages"}],"about":[{"href":"https:\/\/www.bioaq.fi\/sv\/wp-json\/wp\/v2\/types\/page"}],"author":[{"embeddable":true,"href":"https:\/\/www.bioaq.fi\/sv\/wp-json\/wp\/v2\/users\/1"}],"replies":[{"embeddable":true,"href":"https:\/\/www.bioaq.fi\/sv\/wp-json\/wp\/v2\/comments?post=230"}],"version-history":[{"count":31,"href":"https:\/\/www.bioaq.fi\/sv\/wp-json\/wp\/v2\/pages\/230\/revisions"}],"predecessor-version":[{"id":2144,"href":"https:\/\/www.bioaq.fi\/sv\/wp-json\/wp\/v2\/pages\/230\/revisions\/2144"}],"wp:attachment":[{"href":"https:\/\/www.bioaq.fi\/sv\/wp-json\/wp\/v2\/media?parent=230"}],"curies":[{"name":"wp","href":"https:\/\/api.w.org\/{rel}","templated":true}]}}