{"id":31,"date":"2022-03-05T12:10:28","date_gmt":"2022-03-05T11:10:28","guid":{"rendered":"https:\/\/www.bioaq.fi\/butik-2\/"},"modified":"2022-03-23T18:42:10","modified_gmt":"2022-03-23T16:42:10","slug":"webbutik","status":"publish","type":"page","link":"https:\/\/www.bioaq.fi\/sv\/webbutik\/","title":{"rendered":"Webbutik"},"content":{"rendered":"\n<p class=\"has-text-color\" style=\"color:#1b63b6\">BioAq-200 och BioAq-5500 skapar strukturerat vatten. BioAq 200 \u00e4r l\u00e4mplig f\u00f6r bevattning av v\u00e4xter, till akvarier mm. B\u00e5de 200 och 5500 vatten kan anv\u00e4ndas som dricksvatten. BioAq-5500 vatten \u00e4r n\u00e5got starkare som dricksvatten. Vi rekommenderar BioAq-5500 vatten f\u00f6r dusch och simbass\u00e4nger.     <\/p>\n\n\n\n<p class=\"has-text-color\" style=\"color:#1b63b6\">Inga kliniska studier har utf\u00f6rts tills vidare.<\/p>\n\n\n\n<p class=\"has-text-color\" style=\"color:#1b63b6\">Kontakta info@bioaq.com om st\u00f6rre virvlare \u00f6nskas f\u00f6r privat eller kommersiellt bruk.<\/p>\n\n\n\n<p class=\"has-text-color\" style=\"color:#1b63b6\">Om en faktura f\u00f6redras kan den best\u00e4llas fr\u00e5n info@bioaq.com<\/p>\n","protected":false},"excerpt":{"rendered":"<p>BioAq-200 och BioAq-5500 skapar strukturerat vatten. BioAq 200 \u00e4r l\u00e4mplig f\u00f6r bevattning av v\u00e4xter, till akvarier mm. B\u00e5de 200 och [&hellip;]<\/p>\n","protected":false},"author":1,"featured_media":0,"parent":0,"menu_order":0,"comment_status":"closed","ping_status":"closed","template":"","meta":{"footnotes":""},"class_list":["post-31","page","type-page","status-publish","hentry"],"_links":{"self":[{"href":"https:\/\/www.bioaq.fi\/sv\/wp-json\/wp\/v2\/pages\/31","targetHints":{"allow":["GET"]}}],"collection":[{"href":"https:\/\/www.bioaq.fi\/sv\/wp-json\/wp\/v2\/pages"}],"about":[{"href":"https:\/\/www.bioaq.fi\/sv\/wp-json\/wp\/v2\/types\/page"}],"author":[{"embeddable":true,"href":"https:\/\/www.bioaq.fi\/sv\/wp-json\/wp\/v2\/users\/1"}],"replies":[{"embeddable":true,"href":"https:\/\/www.bioaq.fi\/sv\/wp-json\/wp\/v2\/comments?post=31"}],"version-history":[{"count":5,"href":"https:\/\/www.bioaq.fi\/sv\/wp-json\/wp\/v2\/pages\/31\/revisions"}],"predecessor-version":[{"id":835,"href":"https:\/\/www.bioaq.fi\/sv\/wp-json\/wp\/v2\/pages\/31\/revisions\/835"}],"wp:attachment":[{"href":"https:\/\/www.bioaq.fi\/sv\/wp-json\/wp\/v2\/media?parent=31"}],"curies":[{"name":"wp","href":"https:\/\/api.w.org\/{rel}","templated":true}]}}