{"id":35,"date":"2022-03-05T12:10:31","date_gmt":"2022-03-05T11:10:31","guid":{"rendered":"https:\/\/www.bioaq.fi\/kassa\/"},"modified":"2023-06-09T13:48:01","modified_gmt":"2023-06-09T10:48:01","slug":"checkout","status":"publish","type":"page","link":"https:\/\/www.bioaq.fi\/sv\/checkout\/","title":{"rendered":"Checkout"},"content":{"rendered":"<p>[woocommerce_checkout]<\/p>\n\n<p><strong>Pga av sv\u00e5righeter med PayPal b\u00f6r best\u00e4llning ske via info@bioaq.fi<\/strong><\/p>\n","protected":false},"excerpt":{"rendered":"<p>Pga av sv\u00e5righeter med PayPal b\u00f6r best\u00e4llning ske via info@bioaq.fi<\/p>\n","protected":false},"author":1,"featured_media":0,"parent":0,"menu_order":0,"comment_status":"closed","ping_status":"closed","template":"","meta":{"footnotes":""},"class_list":["post-35","page","type-page","status-publish","hentry"],"_links":{"self":[{"href":"https:\/\/www.bioaq.fi\/sv\/wp-json\/wp\/v2\/pages\/35","targetHints":{"allow":["GET"]}}],"collection":[{"href":"https:\/\/www.bioaq.fi\/sv\/wp-json\/wp\/v2\/pages"}],"about":[{"href":"https:\/\/www.bioaq.fi\/sv\/wp-json\/wp\/v2\/types\/page"}],"author":[{"embeddable":true,"href":"https:\/\/www.bioaq.fi\/sv\/wp-json\/wp\/v2\/users\/1"}],"replies":[{"embeddable":true,"href":"https:\/\/www.bioaq.fi\/sv\/wp-json\/wp\/v2\/comments?post=35"}],"version-history":[{"count":3,"href":"https:\/\/www.bioaq.fi\/sv\/wp-json\/wp\/v2\/pages\/35\/revisions"}],"predecessor-version":[{"id":1382,"href":"https:\/\/www.bioaq.fi\/sv\/wp-json\/wp\/v2\/pages\/35\/revisions\/1382"}],"wp:attachment":[{"href":"https:\/\/www.bioaq.fi\/sv\/wp-json\/wp\/v2\/media?parent=35"}],"curies":[{"name":"wp","href":"https:\/\/api.w.org\/{rel}","templated":true}]}}