{"id":430,"date":"2022-03-06T15:40:26","date_gmt":"2022-03-06T13:40:26","guid":{"rendered":"https:\/\/www.bioaq.fi\/iskristaller\/"},"modified":"2025-08-26T10:20:07","modified_gmt":"2025-08-26T07:20:07","slug":"ice-crystal-photography","status":"publish","type":"page","link":"https:\/\/www.bioaq.fi\/sv\/ice-crystal-photography\/","title":{"rendered":"Iskristall fotografi"},"content":{"rendered":"\n<div class=\"wp-block-cover alignwide has-white-color has-text-color has-link-color wp-elements-b13112b6f04f42a229c221695c984fe3\"><img loading=\"lazy\" decoding=\"async\" width=\"1024\" height=\"339\" class=\"wp-block-cover__image-background wp-image-1632\" alt=\"\" src=\"https:\/\/www.bioaq.fi\/wp-content\/uploads\/2025\/03\/Iskristaller-1024x339.jpg\" data-object-fit=\"cover\" srcset=\"https:\/\/www.bioaq.fi\/wp-content\/uploads\/2025\/03\/Iskristaller-1024x339.jpg 1024w, https:\/\/www.bioaq.fi\/wp-content\/uploads\/2025\/03\/Iskristaller-300x99.jpg 300w, https:\/\/www.bioaq.fi\/wp-content\/uploads\/2025\/03\/Iskristaller-768x254.jpg 768w, https:\/\/www.bioaq.fi\/wp-content\/uploads\/2025\/03\/Iskristaller-1536x508.jpg 1536w, https:\/\/www.bioaq.fi\/wp-content\/uploads\/2025\/03\/Iskristaller-2048x678.jpg 2048w\" sizes=\"auto, (max-width: 1024px) 100vw, 1024px\" \/><span aria-hidden=\"true\" class=\"wp-block-cover__background has-pale-cyan-blue-background-color has-background-dim-0 has-background-dim\"><\/span><div class=\"wp-block-cover__inner-container is-layout-flow wp-block-cover-is-layout-flow\">\n<p class=\"has-text-align-center has-white-color has-text-color has-link-color has-large-font-size wp-elements-d97ccd60c78fe61dfd1e39c9513f4281\"><strong>Iskristall fotografi<\/strong><\/p>\n<\/div><\/div>\n\n\n\n<p><\/p>\n\n\n<div class=\"wp-block-image bild is-style-default\">\n<figure class=\"aligncenter size-full\"><img loading=\"lazy\" decoding=\"async\" width=\"840\" height=\"290\" src=\"https:\/\/www.bioaq.fi\/wp-content\/uploads\/2022\/03\/icecrystals-2.jpg\" alt=\"Iskristall fotografi\" class=\"wp-image-263\" style=\"object-fit:cover\" srcset=\"https:\/\/www.bioaq.fi\/wp-content\/uploads\/2022\/03\/icecrystals-2.jpg 840w, https:\/\/www.bioaq.fi\/wp-content\/uploads\/2022\/03\/icecrystals-2-500x173.jpg 500w, https:\/\/www.bioaq.fi\/wp-content\/uploads\/2022\/03\/icecrystals-2-300x104.jpg 300w, https:\/\/www.bioaq.fi\/wp-content\/uploads\/2022\/03\/icecrystals-2-768x265.jpg 768w\" sizes=\"auto, (max-width: 840px) 100vw, 840px\" \/><figcaption class=\"wp-element-caption\"><strong>Iskristaller av BioAq strukturerat vatten<\/strong><\/figcaption><\/figure>\n<\/div>\n\n\n<div class=\"wp-block-columns text_bild is-layout-flex wp-container-core-columns-is-layout-9d6595d7 wp-block-columns-is-layout-flex\">\n<div class=\"wp-block-column is-layout-flow wp-block-column-is-layout-flow\" style=\"flex-basis:66.66%\">\n<p class=\"stycke\"><strong>Iskristallerna \u00e4r framst\u00e4llda och fotograferade i Schweiz, i ett laboratorium som till\u00e4mpar Dr Masaru Emotos speciella teknik. Dr Emoto var en Japan som studerade vatten dedikerat under sitt liv och gjorde talrika experiment kring hur vatten och dess molekyl\u00e4ra struktur p\u00e5verkas. F\u00f6r att observera detta utvecklade han en teknik f\u00f6r att fotografera nedfruset vatten, n\u00e4mligen iskristaller. Han menade att olika energier inverkar p\u00e5 vattnet och han unders\u00f6kte hur det p\u00e5verkar kristallernas utseende.<\/strong><\/p>\n\n\n\n<p><\/p>\n<\/div>\n\n\n\n<div class=\"wp-block-column is-layout-flow wp-block-column-is-layout-flow\" style=\"flex-basis:33.33%\"><div class=\"wp-block-image bild\">\n<figure class=\"aligncenter size-full\"><img loading=\"lazy\" decoding=\"async\" width=\"140\" height=\"155\" src=\"https:\/\/www.bioaq.fi\/wp-content\/uploads\/2022\/03\/icecrystal_2-1.png\" alt=\"Iskristall fotografi\" class=\"wp-image-427\"\/><figcaption class=\"wp-element-caption\"><strong>Iskristall av vanligt kranvatten <\/strong><\/figcaption><\/figure>\n<\/div><\/div>\n<\/div>\n\n\n\n<p><\/p>\n\n\n\n<p><strong>Unders\u00f6kningarna visade att positiv verkan gav estetiskt tilltalande kristaller, medan negativ inverkan gjorde att kristallerna blev deformerade. Dr Emoto betraktade inte detta som vetenskap, \u00e4ven om han sj\u00e4lv ans\u00e5g att kristallerna visade p\u00e5 en sanning. Han s\u00e5g det inte heller som en religion utan som konst. M\u00e4nniskors energier kunde p\u00e5verka vatten, enligt Dr Emoto, men han h\u00e4vdade ocks\u00e5 att olika sorts vattenk\u00e4llor med skilda kvalit\u00e9er inverkar p\u00e5 iskristallernas utseende. Till exempel kunde kristallerna fr\u00e5n en ren bergsk\u00e4lla ge vackra kristaller, medan vatten fr\u00e5n f\u00f6rorenade k\u00e4llor blev f\u00f6rvr\u00e4ngda.<\/strong><\/p>\n\n\n\n<p><strong>Det \u00e4r i det sistn\u00e4mnda sammanhanget som BioAq vatten respektive obehandlat kranvatten fotograferats f\u00f6r att eventuellt kunna p\u00e5visa en skillnad i kvalit\u00e9 mellan dessa vatten. M\u00e5nga saker kan enligt Dr Emoto p\u00e5verka vattnet men dessa fotografier har tagits f\u00f6r att visa p\u00e5 hur en BioAq strukturerare inverkar p\u00e5 vattnet. BioAq vattnet och kranvattnet behandlades p\u00e5 samma s\u00e4tt f\u00f6re och under fotograferingen, den enda skillnaden som f\u00f6rekom var att BioAq vattnet hade strukturerats. Samtliga test med BioAq vatten gav vackra kristaller, vilket inte kranvattnet gav. Detta kan betraktas som en stark indikation p\u00e5 att BioAq vatten har en h\u00f6g kvalit\u00e9.<\/strong><\/p>\n\n\n\n<p><\/p>\n","protected":false},"excerpt":{"rendered":"<p>Iskristallerna \u00e4r framst\u00e4llda och fotograferade i Schweiz, i ett laboratorium som till\u00e4mpar Dr Masaru Emotos speciella teknik. Dr Emoto var [&hellip;]<\/p>\n","protected":false},"author":1,"featured_media":0,"parent":0,"menu_order":0,"comment_status":"closed","ping_status":"closed","template":"","meta":{"footnotes":""},"class_list":["post-430","page","type-page","status-publish","hentry"],"_links":{"self":[{"href":"https:\/\/www.bioaq.fi\/sv\/wp-json\/wp\/v2\/pages\/430","targetHints":{"allow":["GET"]}}],"collection":[{"href":"https:\/\/www.bioaq.fi\/sv\/wp-json\/wp\/v2\/pages"}],"about":[{"href":"https:\/\/www.bioaq.fi\/sv\/wp-json\/wp\/v2\/types\/page"}],"author":[{"embeddable":true,"href":"https:\/\/www.bioaq.fi\/sv\/wp-json\/wp\/v2\/users\/1"}],"replies":[{"embeddable":true,"href":"https:\/\/www.bioaq.fi\/sv\/wp-json\/wp\/v2\/comments?post=430"}],"version-history":[{"count":30,"href":"https:\/\/www.bioaq.fi\/sv\/wp-json\/wp\/v2\/pages\/430\/revisions"}],"predecessor-version":[{"id":2176,"href":"https:\/\/www.bioaq.fi\/sv\/wp-json\/wp\/v2\/pages\/430\/revisions\/2176"}],"wp:attachment":[{"href":"https:\/\/www.bioaq.fi\/sv\/wp-json\/wp\/v2\/media?parent=430"}],"curies":[{"name":"wp","href":"https:\/\/api.w.org\/{rel}","templated":true}]}}