{"id":510,"date":"2022-03-06T18:57:06","date_gmt":"2022-03-06T16:57:06","guid":{"rendered":"https:\/\/www.bioaq.fi\/erfarenheter\/"},"modified":"2025-04-06T19:28:21","modified_gmt":"2025-04-06T16:28:21","slug":"testimonials","status":"publish","type":"page","link":"https:\/\/www.bioaq.fi\/sv\/testimonials\/","title":{"rendered":"Personlig erfarenhet"},"content":{"rendered":"\n<div class=\"wp-block-cover alignwide is-light\"><span aria-hidden=\"true\" class=\"wp-block-cover__background has-pale-cyan-blue-background-color has-background-dim-0 has-background-dim\"><\/span><img loading=\"lazy\" decoding=\"async\" width=\"2390\" height=\"1003\" class=\"wp-block-cover__image-background wp-image-1642\" alt=\"\" src=\"https:\/\/www.bioaq.fi\/wp-content\/uploads\/2025\/03\/Personlig-erfarenhet.jpg\" style=\"object-position:50% 100%\" data-object-fit=\"cover\" data-object-position=\"50% 100%\" srcset=\"https:\/\/www.bioaq.fi\/wp-content\/uploads\/2025\/03\/Personlig-erfarenhet.jpg 2390w, https:\/\/www.bioaq.fi\/wp-content\/uploads\/2025\/03\/Personlig-erfarenhet-300x126.jpg 300w, https:\/\/www.bioaq.fi\/wp-content\/uploads\/2025\/03\/Personlig-erfarenhet-1024x430.jpg 1024w, https:\/\/www.bioaq.fi\/wp-content\/uploads\/2025\/03\/Personlig-erfarenhet-768x322.jpg 768w, https:\/\/www.bioaq.fi\/wp-content\/uploads\/2025\/03\/Personlig-erfarenhet-1536x645.jpg 1536w, https:\/\/www.bioaq.fi\/wp-content\/uploads\/2025\/03\/Personlig-erfarenhet-2048x859.jpg 2048w\" sizes=\"auto, (max-width: 2390px) 100vw, 2390px\" \/><div class=\"wp-block-cover__inner-container is-layout-flow wp-block-cover-is-layout-flow\">\n<p class=\"has-text-align-center heading_down has-black-color has-text-color has-link-color has-large-font-size wp-elements-418fbaf8505729238256060b34d93e4b\"><strong>Personlig erfarenhet<\/strong><\/p>\n<\/div><\/div>\n\n<p><\/p>\n\n<p><strong>BioAq vatten har ett stort antal anv\u00e4ndare och det har f\u00e5tt f\u00f6rtr\u00e4ffliga recensioner. Uppgifterna tillm\u00e4ts betydande relevans d\u00e5 \u00e5tskilliga personer har rapporterat om liknande effekter. St\u00f6rre studier ska utf\u00f6ras, men redan nu finns det vetenskaplig dokumentation p\u00e5 att BioAq vattnet \u00e4r energigivande.  <\/strong><\/p>\n\n<p><strong>Strukturerare har anv\u00e4nts p\u00e5 flera olika s\u00e4tt bland annat till att dricka, duscha i, bevattna odlingar, bevattna krukv\u00e4xter, f\u00f6r vin och f\u00f6r att f\u00e5 bort kalkavlagringar. M\u00e5nga anv\u00e4ndare har bidragit med positiva omd\u00f6men om BioAq vatten och h\u00e4r f\u00f6ljer n\u00e5gra exempel p\u00e5 utl\u00e5tanden:  <\/strong><\/p>\n\n<p><\/p><h4>Odling och v\u00e4xter<\/h4>\n\n<p><strong>\u201cBioAq struktureraren gav mig ett fantastiskt resultat i olika typer av odlingar. Jag kommer forts\u00e4ttningsvis bara att bevattna med BioAq-vatten, det \u00e4r synd att jag inte k\u00e4nde till detta vatten tidigare.<br\/>Jag har bl.a. noterat f\u00f6ljande i min tomatodling:  <\/strong><\/p>\n\n<ul class=\"wp-block-list\">\n<li>\u00d6kat antal tomater och \u00f6kad storlek<\/li>\n\n\n\n<li>Tidigare mognad<\/li>\n\n\n\n<li>\u00d6kat motst\u00e5nd mot skadedjur<\/li>\n\n\n\n<li>Mycket b\u00e4ttre smak<\/li>\n\n\n\n<li>Minskat behov av bevattning.\u201d<\/li>\n<\/ul>\n\n<p><strong>\u2013 Radomir Dobrovic Professional cultivator, Bistrice, Montenegro<\/strong><\/p>\n\n<p><strong>FINBERRY f\u00f6retaget har under m\u00e5nga \u00e5r tillverkat b\u00e4rpulver av olika b\u00e4r och spr\u00e4ngticka (chaga). F\u00f6r ca fem \u00e5r sedan placerades en stor BioAq vattenstruktureraren i laboratoriet d\u00e4r pulvret framst\u00e4lls. Kunder som \u00e5terkommit regelbundet s\u00e4ger att pulvret numera p\u00e5verkar deras v\u00e4lm\u00e5ende mycket mera. Detta efter installationen av BioAq struktureraren.\u2013 Allan H., Finberry<\/strong><\/p>\n\n<p><strong>\u201dI \u00e5r m\u00e4rkte jag att mina pioner h\u00f6ll sig mycket l\u00e4ngre \u00e4n tidigare n\u00e4r jag anv\u00e4nde BioAq vatten. De blommar mycket vackert trots att de varit p\u00e5 f\u00f6nsterbr\u00e4det i min studio mer \u00e4n 2 veckor vilket \u00e4r rekord! Jag anv\u00e4nder vattnet fr\u00e5n min BioAq vattenstrukturerare till allt \u2013 t.o.m. till f\u00e5gelbadet i min tr\u00e4dg\u00e5rd!\u201d   \u2013 Maura Bright, London<\/strong><\/p>\n\n<div class=\"wp-block-columns is-layout-flex wp-container-core-columns-is-layout-9d6595d7 wp-block-columns-is-layout-flex\">\n<div class=\"wp-block-column is-layout-flow wp-block-column-is-layout-flow\"><div class=\"wp-block-image\">\n<figure class=\"aligncenter size-medium\"><img loading=\"lazy\" decoding=\"async\" width=\"282\" height=\"300\" src=\"https:\/\/www.bioaq.fi\/wp-content\/uploads\/2022\/03\/basilika-282x300.png\" alt=\"basilika\" class=\"wp-image-457\" srcset=\"https:\/\/www.bioaq.fi\/wp-content\/uploads\/2022\/03\/basilika-282x300.png 282w, https:\/\/www.bioaq.fi\/wp-content\/uploads\/2022\/03\/basilika-500x532.png 500w, https:\/\/www.bioaq.fi\/wp-content\/uploads\/2022\/03\/basilika.png 536w\" sizes=\"auto, (max-width: 282px) 100vw, 282px\" \/><figcaption class=\"wp-element-caption\"><strong>BioAq vattnad basilika till h\u00f6ger.<\/strong><\/figcaption><\/figure>\n<\/div><\/div>\n\n\n\n<div class=\"wp-block-column is-layout-flow wp-block-column-is-layout-flow\">\n<p><\/p>\n\n\n\n<p><\/p>\n\n\n\n<p><strong>\u201dSom naturvetare var jag intresserad av att g\u00f6ra ett j\u00e4mf\u00f6rande odlingstest med BioAq vatten. Vattnade basilika med det strukturerade vattnet med kranvatten som kontroll. Skillnaden var imponerande.\u201d \u2013 Kristina B<\/strong><\/p>\n<\/div>\n<\/div>\n\n<p><strong>\u201cJag har satt m\u00e5nga skott av pelargoner och andra v\u00e4xter som jag tagit in fr\u00e5n verandan och klippt ner. De \u00e4r inte planterade \u00e4nnu, utan st\u00e5r i BioAq-vatten i glasburkar. R\u00f6tterna v\u00e4xer ut extremt fort, och v\u00e4xer s\u00e5 det knakar. Kan ju annars vara knepigt att f\u00e5 dem att rota sig s\u00e5 h\u00e4r \u00e5rs, men de verkar gilla att vattnas med detta vatten.\u201d \u2013 Maura Bright, London<\/strong><\/p>\n\n<p><\/p><h4>V\u00e4lm\u00e5ende<\/h4>\n\n<p><strong>\u201cJag har ofta lidit av kramper i mina ben trots att jag \u00e4tit kompletterande mineraltillskott och druckit vatten. Efter en sjukdom nyligen var kramperna mycket besv\u00e4rliga. Jag hade just f\u00e5tt en BioAq vattenstrukturerare och jag b\u00f6rjade dricka en hel del av detta vatten varje dag och uppt\u00e4ckte att kramperna upph\u00f6rde omedelbart. Efter det har kramperna uteblivit n\u00e4stan helt. Jag anser att det beror p\u00e5 det strukturerade vattnet som har en annan effekt \u00e4n vanligt kran- och flaskvatten.\u201d <br\/>\u2013 Maura Bright, London<\/strong><\/p>\n\n<p><strong>\u201cUnder mer \u00e4n 60 \u00e5r har jag haft psoriasis. Tidvis har situationen varit mycket allvarlig. Medicinering ledde till att jag f\u00f6r 35 \u00e5r sedan miste h\u00e5r och fick en stor kal fl\u00e4ck p\u00e5 huvudet. Sedan dess har jag burit peruk \u2013 \u00e4nda tills nu. Jag har druckit och duschat i BioAq vatten. Redan efter en m\u00e5nad m\u00e4rkte jag en stor skillnad. Min psoriasis har aldrig under alla \u00e5r varit s\u00e5 bra som den \u00e4r nu. Och h\u00e5ret p\u00e5 huvudet har b\u00f6rjat v\u00e4xa. Idag b\u00e4r jag inte mera peruk, detta efter 35 \u00e5r! Jag har t.o.m. klippt det redan n\u00e5gra g\u00e5nger \u201c. <a>\u2013 Anita I, V\u00f6r\u00e5, Finland<\/a><\/strong><\/p>\n\n<p><strong>\u201cJag har l\u00e4nge haft mycket nedsatt luktsinne. Sedan jag b\u00f6rjade dricka Bioaq vatten har mitt luktsinne till min gl\u00e4dje stadigt \u00e5terv\u00e4nt. F\u00f6rb\u00e4ttringen m\u00e5ste bero p\u00e5 det vatten jag dricker\u201d.\u2013 Ulla, Enk\u00f6ping<\/strong><\/p>\n\n<p><strong>\u201cJag drabbades av en mycket allvarlig sjukdom f\u00f6r flera \u00e5r sedan. Tung medicinering ledde till att jag f\u00f6rlorat mycket h\u00e5r. Idag lossnar inte h\u00e5r n\u00e4stan alls. Det sammanf\u00f6ll med n\u00e4r jag b\u00f6rjade dricka BioAq vatten. Jag har ocks\u00e5 kunnat konstatera andra positiva f\u00f6r\u00e4ndringar\u201d.\u2013 Anne, Stockholm<\/strong><\/p>\n\n<div class=\"wp-block-columns is-layout-flex wp-container-core-columns-is-layout-9d6595d7 wp-block-columns-is-layout-flex\">\n<div class=\"wp-block-column is-layout-flow wp-block-column-is-layout-flow\">\n<p><\/p>\n\n\n\n<p><\/p>\n\n\n\n<p><strong>\u201dMin allergi med igent\u00e4ppt och bl\u00f6dande n\u00e4sa som jag haft sedan januari, har n\u00e4stan f\u00f6rsvunnit. Jag blir b\u00e4ttre f\u00f6r varje dag. M\u00e5ste vara vattnet, f\u00f6r n\u00e5gon annan f\u00f6r\u00e4ndring har jag inte gjort, och b\u00e4ttringen satte in d\u00e5 jag skruvat p\u00e5 BioAq vattenstruktureraren i kranen\u201d.\u2013Carina, Markaryd<\/strong><br\/><br\/><br\/><strong>\u201cJag har alltid haft problem med torr hud, speciellt d\u00e5 det g\u00e4ller armar och ben. Har d\u00e4rf\u00f6r testat och anv\u00e4nt m\u00e4ngder av olika kroppslotioner och salvor. Har i \u00e5ratal besv\u00e4rats av v\u00e4ldigt torr, stramande och fj\u00e4llande hud. Varje g\u00e5ng jag tagit av mig sockor eller strumpor har de varit fulla av fj\u00e4ll (d\u00f6d hud). Efter att ha duschat med virvlat vatten har jag konstaterat att mina besv\u00e4r i det n\u00e4rmaste f\u00f6rsvunnit. Numera beh\u00f6ver jag inte alls sm\u00f6rja in mig varje g\u00e5ng jag duschat och huden \u00e4r \u00e4nd\u00e5 mjuk och stramar inte s\u00e5 som tidigare. Jag \u00e4r mycket n\u00f6jd. B\u00f6r till\u00e4ggas att jag ocks\u00e5 dricker virvlat vatten\u201d. \u2013 Gunvor 65, Vasa<\/strong><\/p>\n<\/div>\n\n\n\n<div class=\"wp-block-column is-layout-flow wp-block-column-is-layout-flow\"><div class=\"wp-block-image\">\n<figure class=\"aligncenter size-medium is-resized\"><img loading=\"lazy\" decoding=\"async\" width=\"256\" height=\"300\" src=\"https:\/\/www.bioaq.fi\/wp-content\/uploads\/2025\/03\/Personlig-erfarenhet-bild-3-256x300.jpg\" alt=\"\" class=\"wp-image-1486\" style=\"width:auto;height:500px\" srcset=\"https:\/\/www.bioaq.fi\/wp-content\/uploads\/2025\/03\/Personlig-erfarenhet-bild-3-256x300.jpg 256w, https:\/\/www.bioaq.fi\/wp-content\/uploads\/2025\/03\/Personlig-erfarenhet-bild-3.jpg 500w\" sizes=\"auto, (max-width: 256px) 100vw, 256px\" \/><\/figure>\n<\/div><\/div>\n<\/div>\n\n<p><\/p>\n\n<p><strong>\u201cHei ! Jeg har v\u00e6rt flink \u00e5 drukket og dusjet i BioAq vann hver dag. Det er uten tvil gunstig for h\u00e5r og negler. Neglene holder seg passe harde og blir ikke spr\u00f8. H\u00e5ret kommer sm\u00e5tt og pent der hvor det f\u00f8r vare helt blankt\u201d. \u2013 Willy, Norway<\/strong><\/p>\n\n<p><\/p><h4>Vin<\/h4>\n\n<p><strong>\u201dJag har testat BioAq strukturerat vin upprepade g\u00e5nger tillsammans med v\u00e4nner. Det r\u00e5der ingen tvekan om att vin smakar b\u00e4ttre n\u00e4r det strukturerats. Om du \u00e4r intresserad att f\u00f6rb\u00e4ttra vinets smak rekommenderar jag BioAq strukturerare\u201d &#8211; Urban, Enk\u00f6ping<\/strong><\/p>\n\n<p><strong>\u201d11 personer deltog i en vintillst\u00e4llning i Stockholm. Vi var ocks\u00e5 intresserade att testa strukturering av vin. Vi hade h\u00f6rt att smaken p\u00e5 vin f\u00f6rb\u00e4ttras n\u00e4r det BioAq struktureras. Vi testade ett billigt ekologiskt vin. Alla som deltog ans\u00e5g att smaken f\u00f6rb\u00e4ttrats efter att det strukturerats. Intressant!\u201d \u2013 Peter, Stockholm<\/strong><\/p>\n\n<p><\/p><h4>Kalkavlagring<\/h4>\n\n<p><strong>&#8221;Vi har l\u00e4nge haft problem med kalkavlagringar. F\u00f6r en m\u00e5nad sedan installerade vi en BioAq vattenstrukturerare p\u00e5 ing\u00e5ende vattenledning. Direkt i b\u00f6rjan s\u00e5 m\u00e4rkte vi att det blev mycket mera kalkavlagring p\u00e5 diskb\u00e4nken, visserligen l\u00e4tt att torka bort. Efter ca tv\u00e5 veckor b\u00f6rjade avlagringarna avta och nu efter en m\u00e5nad \u00e4r det mycket mindre \u00e4n innan. Smutsen i bubbelkaret l\u00f6ser sig v\u00e4ldigt mycket l\u00e4tt nu. Vattenkokaren som vi tidigare m\u00e5ste reng\u00f6ra flera ggr i veckan fr\u00e5n kalk, det ramlade ut stora kalkflagor, har vi inte beh\u00f6vt g\u00f6ra ren denna vecka. Det h\u00e4r resultatet beror s\u00e4kert p\u00e5 minskad ytsp\u00e4nning hos BioAq vatten.&#8221; -Urban, Enk\u00f6ping<\/strong><\/p>\n<div class=\"wp-block-image\">\n<figure class=\"aligncenter size-full is-resized\"><img loading=\"lazy\" decoding=\"async\" width=\"1000\" height=\"563\" src=\"https:\/\/www.bioaq.fi\/wp-content\/uploads\/2025\/03\/Personlig-erfarenhet-bild-2.jpg\" alt=\"\" class=\"wp-image-1489\" style=\"width:600px\" srcset=\"https:\/\/www.bioaq.fi\/wp-content\/uploads\/2025\/03\/Personlig-erfarenhet-bild-2.jpg 1000w, https:\/\/www.bioaq.fi\/wp-content\/uploads\/2025\/03\/Personlig-erfarenhet-bild-2-300x169.jpg 300w, https:\/\/www.bioaq.fi\/wp-content\/uploads\/2025\/03\/Personlig-erfarenhet-bild-2-768x432.jpg 768w\" sizes=\"auto, (max-width: 1000px) 100vw, 1000px\" \/><\/figure>\n<\/div>\n<p><\/p>\n","protected":false},"excerpt":{"rendered":"<p>BioAq vatten har ett stort antal anv\u00e4ndare och det har f\u00e5tt f\u00f6rtr\u00e4ffliga recensioner. Uppgifterna tillm\u00e4ts betydande relevans d\u00e5 \u00e5tskilliga personer [&hellip;]<\/p>\n","protected":false},"author":1,"featured_media":0,"parent":0,"menu_order":0,"comment_status":"closed","ping_status":"closed","template":"","meta":{"footnotes":""},"class_list":["post-510","page","type-page","status-publish","hentry"],"_links":{"self":[{"href":"https:\/\/www.bioaq.fi\/sv\/wp-json\/wp\/v2\/pages\/510","targetHints":{"allow":["GET"]}}],"collection":[{"href":"https:\/\/www.bioaq.fi\/sv\/wp-json\/wp\/v2\/pages"}],"about":[{"href":"https:\/\/www.bioaq.fi\/sv\/wp-json\/wp\/v2\/types\/page"}],"author":[{"embeddable":true,"href":"https:\/\/www.bioaq.fi\/sv\/wp-json\/wp\/v2\/users\/1"}],"replies":[{"embeddable":true,"href":"https:\/\/www.bioaq.fi\/sv\/wp-json\/wp\/v2\/comments?post=510"}],"version-history":[{"count":43,"href":"https:\/\/www.bioaq.fi\/sv\/wp-json\/wp\/v2\/pages\/510\/revisions"}],"predecessor-version":[{"id":2010,"href":"https:\/\/www.bioaq.fi\/sv\/wp-json\/wp\/v2\/pages\/510\/revisions\/2010"}],"wp:attachment":[{"href":"https:\/\/www.bioaq.fi\/sv\/wp-json\/wp\/v2\/media?parent=510"}],"curies":[{"name":"wp","href":"https:\/\/api.w.org\/{rel}","templated":true}]}}