{"id":540,"date":"2022-03-09T16:16:50","date_gmt":"2022-03-09T14:16:50","guid":{"rendered":"https:\/\/www.bioaq.fi\/odling\/"},"modified":"2025-09-01T12:23:25","modified_gmt":"2025-09-01T09:23:25","slug":"cultivation","status":"publish","type":"page","link":"https:\/\/www.bioaq.fi\/sv\/cultivation\/","title":{"rendered":"Odling"},"content":{"rendered":"\n<div class=\"wp-block-cover alignwide\"><img loading=\"lazy\" decoding=\"async\" width=\"1024\" height=\"445\" class=\"wp-block-cover__image-background wp-image-1622\" alt=\"\" src=\"https:\/\/www.bioaq.fi\/wp-content\/uploads\/2025\/03\/Odlingssida-1024x445.jpg\" data-object-fit=\"cover\" srcset=\"https:\/\/www.bioaq.fi\/wp-content\/uploads\/2025\/03\/Odlingssida-1024x445.jpg 1024w, https:\/\/www.bioaq.fi\/wp-content\/uploads\/2025\/03\/Odlingssida-300x130.jpg 300w, https:\/\/www.bioaq.fi\/wp-content\/uploads\/2025\/03\/Odlingssida-768x333.jpg 768w, https:\/\/www.bioaq.fi\/wp-content\/uploads\/2025\/03\/Odlingssida-1536x667.jpg 1536w, https:\/\/www.bioaq.fi\/wp-content\/uploads\/2025\/03\/Odlingssida-2048x889.jpg 2048w\" sizes=\"auto, (max-width: 1024px) 100vw, 1024px\" \/><span aria-hidden=\"true\" class=\"wp-block-cover__background has-pale-cyan-blue-background-color has-background-dim-0 has-background-dim\"><\/span><div class=\"wp-block-cover__inner-container is-layout-flow wp-block-cover-is-layout-flow\">\n<p class=\"has-text-align-center has-white-color has-text-color has-link-color has-large-font-size wp-elements-2289e68d96e6d6bc93217e549691a7a5\"><strong>Odling<\/strong><\/p>\n<\/div><\/div>\n\n<p><\/p>\n\n<div class=\"wp-block-columns is-layout-flex wp-container-core-columns-is-layout-9d6595d7 wp-block-columns-is-layout-flex\">\n<div class=\"wp-block-column is-layout-flow wp-block-column-is-layout-flow\">\n<p><strong>BioAq energigivande vatten har visat sig vara ett utomordentligt hj\u00e4lpmedel vid odling. Ett stort antal professionella och privata odlare har rapporterat om signifikanta f\u00f6rb\u00e4ttringar vid anv\u00e4ndandet av BioAq strukturerare. <\/strong><\/p>\n\n\n\n<p><strong>Unders\u00f6kningar och pilottest har under m\u00e5nga \u00e5r utf\u00f6rts av BioAq. De har genomf\u00f6rts p\u00e5 professionella odlingar och ocks\u00e5 p\u00e5 mindre odlingar samt i liten skala i odlingsk\u00e4rl. Gemensamt f\u00f6r unders\u00f6kningarna \u00e4r att man delat upp odlingen som ska unders\u00f6kas i tv\u00e5 delar, den som vattnats med BioAq vatten och den som bevattnats med kontrollvatten. Det har inte funnits n\u00e5gon vetbar skillnad mellan BioAq odlingsdelen och kontrollvattendelen. B\u00e5da har f\u00e5tt lika mycket sol, v\u00e4rme, vatten och s\u00e5 vidare. N\u00e4r det varit fr\u00e5ga om odling i k\u00e4rl har man vidtagit ytterligare \u00e5tg\u00e4rder f\u00f6r att reducera skillnader mellan odlingarnas yttre omst\u00e4ndigheter; k\u00e4rlen har f\u00e5tt byta plats med j\u00e4mna mellanrum. Sedan har odlingarna f\u00f6ljts upp, observerats och skillnader rapporterats regelbundet.     <\/strong><\/p>\n\n\n\n<p><strong>M\u00e5nga skillnader mellan det som bevattnats med BioAq vatten och det som f\u00e5tt kontrollvatten har konstaterats vid upprepade tester och unders\u00f6kningar. Bland annat f\u00f6ljande f\u00f6rb\u00e4ttringar har konstaterats \u00e5terkommande vid bevattning med BioAq vatten: <\/strong><\/p>\n\n\n<div class=\"wp-block-image\">\n<figure class=\"alignright size-full is-resized\"><img loading=\"lazy\" decoding=\"async\" width=\"600\" height=\"900\" src=\"https:\/\/www.bioaq.fi\/wp-content\/uploads\/2025\/03\/Odling-bild-2.jpg\" alt=\"\" class=\"wp-image-1511\" style=\"width:auto;height:480px\" srcset=\"https:\/\/www.bioaq.fi\/wp-content\/uploads\/2025\/03\/Odling-bild-2.jpg 600w, https:\/\/www.bioaq.fi\/wp-content\/uploads\/2025\/03\/Odling-bild-2-200x300.jpg 200w\" sizes=\"auto, (max-width: 600px) 100vw, 600px\" \/><\/figure>\n<\/div>\n\n\n<ul class=\"wp-block-list\">\n<li>\u00d6kad produktion och st\u00f6rre sk\u00f6rdar.<\/li>\n\n\n\n<li>Produkter f\u00e5r \u00f6kad storlek<\/li>\n\n\n\n<li>V\u00e4xterna t\u00e5l torka b\u00e4ttre. Detta ger ocks\u00e5 mindre k\u00e4nslighet f\u00f6r klimatf\u00f6r\u00e4ndringar.<\/li>\n\n\n\n<li>M\u00e5nga produkter f\u00e5r avsev\u00e4rt b\u00e4ttre smak.<\/li>\n\n\n\n<li>M\u00e5nga produkter f\u00e5r b\u00e4ttre doft.<\/li>\n\n\n\n<li>Fr\u00f6n spricker tidigare.<\/li>\n\n\n\n<li>St\u00f6rre procent av fr\u00f6n gror.<\/li>\n\n\n\n<li>Vissa plantor utvecklas snabbare under de f\u00f6rsta veckorna.<\/li>\n\n\n\n<li>Gr\u00f6nsaker och frukt mognar tidigare.<\/li>\n\n\n\n<li>Rotsystemen blir mer omfattande, kraftigare, starkare och mer elastiska.<\/li>\n\n\n\n<li>Vattenupptagning i v\u00e4xtceller blir b\u00e4ttre.<\/li>\n\n\n\n<li>V\u00e4xter och frukt f\u00e5r l\u00e4ngre h\u00e5llbarhet. Snittblommor st\u00e5r sig l\u00e4ngre. <\/li>\n\n\n\n<li>V\u00e4xterna f\u00e5r stabilare stj\u00e4lk, vissa celler f\u00e5r signifikant tjockare cellv\u00e4ggar.<\/li>\n\n\n\n<li>Krukv\u00e4xter blommar rikligare.<\/li>\n\n\n\n<li>Behovet av bek\u00e4mpningsmedel minskar.<\/li>\n\n\n\n<li>Odlingsk\u00e4rl blir l\u00e4ttare att reng\u00f6ra. Vattnets ytsp\u00e4nning \u00e4r l\u00e4gre.<\/li>\n<\/ul>\n<\/div>\n<\/div>\n\n<p><strong>De m\u00e5nga unders\u00f6kningarna och pilottesten som utf\u00f6rts samt de positiva rapporterna fr\u00e5n anv\u00e4ndare \u00e4r en stark indikation p\u00e5 att det finns ett samband mellan anv\u00e4ndandet av BioAq vatten och de f\u00f6rb\u00e4ttrade resultaten. Forskning i st\u00f6rre skala ska utf\u00f6ras. <\/strong><\/p>\n\n<p><strong>Ett exempel p\u00e5 en unders\u00f6kning som gjorts \u00e4r vid en g\u00e5rd i Montenegro d\u00e4r man professionellt odlar bland annat vattenmeloner, tomat och aubergine. Unders\u00f6kningarna gick till som beskrivits ovan, odlingar skildes \u00e5t beroende p\u00e5 vilket vatten de skulle f\u00e5. \u00d6vriga olikheter mellan platserna eliminerades i st\u00f6rsta m\u00f6jliga m\u00e5n. De positiva resultaten vid bevattning med BioAq vatten var m\u00e5nga och skillnaderna uppenbara. N\u00e5gra saker som uppm\u00e4ttes var \u00f6kad sk\u00f6rd, \u00f6kad storlek p\u00e5 produkterna, tidigare mognad, b\u00e4ttre smak samt minskat behov av bevattning.    <\/strong><\/p>\n\n<p><strong>Nedan ses ett par bilder fr\u00e5n deras odlingar:<\/strong><\/p>\n\n<div class=\"wp-block-columns is-layout-flex wp-container-core-columns-is-layout-9d6595d7 wp-block-columns-is-layout-flex\">\n<div class=\"wp-block-column is-layout-flow wp-block-column-is-layout-flow\"><div class=\"wp-block-image img_grass\">\n<figure class=\"aligncenter size-full is-resized\"><img loading=\"lazy\" decoding=\"async\" width=\"332\" height=\"232\" src=\"https:\/\/www.bioaq.fi\/wp-content\/uploads\/2022\/03\/watermelon.jpg\" alt=\"vattenmelon\" class=\"wp-image-953\" style=\"width:545px\" srcset=\"https:\/\/www.bioaq.fi\/wp-content\/uploads\/2022\/03\/watermelon.jpg 332w, https:\/\/www.bioaq.fi\/wp-content\/uploads\/2022\/03\/watermelon-300x210.jpg 300w\" sizes=\"auto, (max-width: 332px) 100vw, 332px\" \/><figcaption class=\"wp-element-caption\"><strong>Vattenmelon<\/strong><\/figcaption><\/figure>\n<\/div><\/div>\n\n\n\n<div class=\"wp-block-column is-layout-flow wp-block-column-is-layout-flow\"><div class=\"wp-block-image img_zucchini\">\n<figure class=\"aligncenter size-full is-resized\"><img loading=\"lazy\" decoding=\"async\" width=\"443\" height=\"671\" src=\"https:\/\/www.bioaq.fi\/wp-content\/uploads\/2022\/03\/zucchini.jpg\" alt=\"\" class=\"wp-image-842\" style=\"width:250px\" srcset=\"https:\/\/www.bioaq.fi\/wp-content\/uploads\/2022\/03\/zucchini.jpg 443w, https:\/\/www.bioaq.fi\/wp-content\/uploads\/2022\/03\/zucchini-198x300.jpg 198w\" sizes=\"auto, (max-width: 443px) 100vw, 443px\" \/><figcaption class=\"wp-element-caption\"><strong>Zucchini odlad med BioAq vatten (till h\u00f6ger) och kranvatten (till v\u00e4nster).<\/strong><\/figcaption><\/figure>\n<\/div><\/div>\n<\/div>\n\n<p><strong>H\u00e4r f\u00f6ljer n\u00e5gra andra bilder fr\u00e5n unders\u00f6kningar och pilottest:<\/strong><\/p>\n\n<p><\/p>\n\n<div class=\"wp-block-group\"><div class=\"wp-block-group__inner-container is-layout-constrained wp-block-group-is-layout-constrained\">\n<div class=\"wp-block-columns is-layout-flex wp-container-core-columns-is-layout-9d6595d7 wp-block-columns-is-layout-flex\">\n<div class=\"wp-block-column is-layout-flow wp-block-column-is-layout-flow\"><div class=\"wp-block-image bild3\">\n<figure class=\"aligncenter size-full is-resized\"><img loading=\"lazy\" decoding=\"async\" width=\"750\" height=\"529\" src=\"https:\/\/www.bioaq.fi\/wp-content\/uploads\/2022\/03\/grass-1.jpg\" alt=\"gr&#xE4;s\" class=\"wp-image-848\" style=\"width:500px\" srcset=\"https:\/\/www.bioaq.fi\/wp-content\/uploads\/2022\/03\/grass-1.jpg 750w, https:\/\/www.bioaq.fi\/wp-content\/uploads\/2022\/03\/grass-1-500x353.jpg 500w, https:\/\/www.bioaq.fi\/wp-content\/uploads\/2022\/03\/grass-1-300x212.jpg 300w\" sizes=\"auto, (max-width: 750px) 100vw, 750px\" \/><figcaption class=\"wp-element-caption\"><strong>Gr\u00e4sodling<\/strong><\/figcaption><\/figure>\n<\/div><\/div>\n\n\n\n<div class=\"wp-block-column is-layout-flow wp-block-column-is-layout-flow\"><div class=\"wp-block-image bild3\">\n<figure class=\"aligncenter size-full is-resized\"><img loading=\"lazy\" decoding=\"async\" width=\"241\" height=\"172\" src=\"https:\/\/www.bioaq.fi\/wp-content\/uploads\/2022\/03\/vattekrasse.png\" alt=\"\" class=\"wp-image-956\" style=\"width:500px\"\/><figcaption class=\"wp-element-caption\"><strong>Vattenkrasse<\/strong><\/figcaption><\/figure>\n<\/div><\/div>\n<\/div>\n<\/div><\/div>\n\n<div class=\"wp-block-columns is-layout-flex wp-container-core-columns-is-layout-9d6595d7 wp-block-columns-is-layout-flex\">\n<div class=\"wp-block-column is-layout-flow wp-block-column-is-layout-flow\"><div class=\"wp-block-image bild3\">\n<figure class=\"aligncenter size-full is-resized\"><img loading=\"lazy\" decoding=\"async\" width=\"238\" height=\"170\" src=\"https:\/\/www.bioaq.fi\/wp-content\/uploads\/2022\/03\/pelargon.png\" alt=\"\" class=\"wp-image-958\" style=\"width:475px\"\/><figcaption class=\"wp-element-caption\"><strong>Pelargon<\/strong><\/figcaption><\/figure>\n<\/div><\/div>\n\n\n\n<div class=\"wp-block-column is-layout-flow wp-block-column-is-layout-flow\"><div class=\"wp-block-image bild3 is-style-default\">\n<figure class=\"aligncenter size-full\"><img loading=\"lazy\" decoding=\"async\" width=\"620\" height=\"360\" src=\"https:\/\/www.bioaq.fi\/wp-content\/uploads\/2025\/08\/mungbonor-aug2025-e1756194253700.jpg\" alt=\"\" class=\"wp-image-2178\" style=\"object-fit:cover\" srcset=\"https:\/\/www.bioaq.fi\/wp-content\/uploads\/2025\/08\/mungbonor-aug2025-e1756194253700.jpg 620w, https:\/\/www.bioaq.fi\/wp-content\/uploads\/2025\/08\/mungbonor-aug2025-e1756194253700-300x174.jpg 300w\" sizes=\"auto, (max-width: 620px) 100vw, 620px\" \/><figcaption class=\"wp-element-caption\"><strong>Mungb\u00f6nor<\/strong><\/figcaption><\/figure>\n<\/div><\/div>\n<\/div>\n\n<p><\/p>\n","protected":false},"excerpt":{"rendered":"<p>BioAq energigivande vatten har visat sig vara ett utomordentligt hj\u00e4lpmedel vid odling. Ett stort antal professionella och privata odlare har [&hellip;]<\/p>\n","protected":false},"author":1,"featured_media":0,"parent":0,"menu_order":0,"comment_status":"closed","ping_status":"closed","template":"","meta":{"footnotes":""},"class_list":["post-540","page","type-page","status-publish","hentry"],"_links":{"self":[{"href":"https:\/\/www.bioaq.fi\/sv\/wp-json\/wp\/v2\/pages\/540","targetHints":{"allow":["GET"]}}],"collection":[{"href":"https:\/\/www.bioaq.fi\/sv\/wp-json\/wp\/v2\/pages"}],"about":[{"href":"https:\/\/www.bioaq.fi\/sv\/wp-json\/wp\/v2\/types\/page"}],"author":[{"embeddable":true,"href":"https:\/\/www.bioaq.fi\/sv\/wp-json\/wp\/v2\/users\/1"}],"replies":[{"embeddable":true,"href":"https:\/\/www.bioaq.fi\/sv\/wp-json\/wp\/v2\/comments?post=540"}],"version-history":[{"count":59,"href":"https:\/\/www.bioaq.fi\/sv\/wp-json\/wp\/v2\/pages\/540\/revisions"}],"predecessor-version":[{"id":2230,"href":"https:\/\/www.bioaq.fi\/sv\/wp-json\/wp\/v2\/pages\/540\/revisions\/2230"}],"wp:attachment":[{"href":"https:\/\/www.bioaq.fi\/sv\/wp-json\/wp\/v2\/media?parent=540"}],"curies":[{"name":"wp","href":"https:\/\/api.w.org\/{rel}","templated":true}]}}