{"id":807,"date":"2022-03-14T16:12:24","date_gmt":"2022-03-14T14:12:24","guid":{"rendered":"https:\/\/www.bioaq.fi\/om-oss\/"},"modified":"2025-07-02T20:40:12","modified_gmt":"2025-07-02T17:40:12","slug":"about-us","status":"publish","type":"page","link":"https:\/\/www.bioaq.fi\/sv\/about-us\/","title":{"rendered":"Om oss"},"content":{"rendered":"\n<div class=\"wp-block-columns is-layout-flex wp-container-core-columns-is-layout-9d6595d7 wp-block-columns-is-layout-flex\">\n<div class=\"wp-block-column is-layout-flow wp-block-column-is-layout-flow\" style=\"flex-basis:66.66%\">\n<h5 class=\"wp-block-heading\"><strong>Trygve Forssten<\/strong><br\/>VD &amp; Biolog<\/h5>\n\n\n\n<p><strong>Vatten och vattenekologi har varit ett livsl\u00e5ngt intresse for mig. P\u00e5 1970-talet st\u00f6tte jag p\u00e5 uppgifter som trov\u00e4rdigt visade att naturvetenskapens kunskap om vatten var bristf\u00e4llig. Den erfarenheten var betydelsefull.<br\/>En inspirationsk\u00e4lla i b\u00f6rjan p\u00e5 2000-talet var uppfinnaren och filantropen Bertil Pettersson. Under m\u00e5nga \u00e5r hade Bertil utvecklat ett spiralsystem som p\u00e5verkade vatten.<br\/>Jag grundade f\u00f6retaget BioAq med m\u00e5ls\u00e4ttningen att studera vatten med fokus p\u00e5 strukturerat vatten.<br\/>BioAq utf\u00f6rde en serie innovativa test med spiralsystem. Dessa test ledde till vatten strukturerare med speciella egenskaper, BioAq strukturerarna.<br\/>BioAq strukturerarna ger m\u00f6jlighet till milj\u00f6m\u00e4ssiga och ekonomiskt intressanta till\u00e4mpningar inom m\u00e5nga omr\u00e5den. Samtidigt forts\u00e4tter utvecklingsarbetet f\u00f6r att f\u00f6rverkliga nya visioner.      <\/strong><\/p>\n<\/div>\n\n\n\n<div class=\"wp-block-column is-layout-flow wp-block-column-is-layout-flow\" style=\"flex-basis:33.33%\"><div class=\"wp-block-image\">\n<figure class=\"aligncenter size-full is-resized\"><img loading=\"lazy\" decoding=\"async\" width=\"512\" height=\"512\" src=\"https:\/\/www.bioaq.fi\/wp-content\/uploads\/2023\/02\/trygve-3.jpg\" alt=\"Trygve Forssten\" class=\"wp-image-1364\" style=\"width:384px;height:384px\" srcset=\"https:\/\/www.bioaq.fi\/wp-content\/uploads\/2023\/02\/trygve-3.jpg 512w, https:\/\/www.bioaq.fi\/wp-content\/uploads\/2023\/02\/trygve-3-300x300.jpg 300w, https:\/\/www.bioaq.fi\/wp-content\/uploads\/2023\/02\/trygve-3-150x150.jpg 150w, https:\/\/www.bioaq.fi\/wp-content\/uploads\/2023\/02\/trygve-3-500x500.jpg 500w, https:\/\/www.bioaq.fi\/wp-content\/uploads\/2023\/02\/trygve-3-100x100.jpg 100w\" sizes=\"auto, (max-width: 512px) 100vw, 512px\" \/><\/figure>\n<\/div><\/div>\n<\/div>\n\n<p><\/p>\n\n<div class=\"wp-block-columns is-layout-flex wp-container-core-columns-is-layout-9d6595d7 wp-block-columns-is-layout-flex\">\n<div class=\"wp-block-column is-layout-flow wp-block-column-is-layout-flow\" style=\"flex-basis:33.33%\"><div class=\"wp-block-image ch_image\">\n<figure class=\"aligncenter size-full is-resized\"><img loading=\"lazy\" decoding=\"async\" width=\"235\" height=\"236\" src=\"https:\/\/www.bioaq.fi\/wp-content\/uploads\/2022\/04\/Christina.png\" alt=\"Christina\" class=\"wp-image-1126\" style=\"width:274px;height:275px\" srcset=\"https:\/\/www.bioaq.fi\/wp-content\/uploads\/2022\/04\/Christina.png 235w, https:\/\/www.bioaq.fi\/wp-content\/uploads\/2022\/04\/Christina-150x150.png 150w, https:\/\/www.bioaq.fi\/wp-content\/uploads\/2022\/04\/Christina-100x100.png 100w\" sizes=\"auto, (max-width: 235px) 100vw, 235px\" \/><\/figure>\n<\/div><\/div>\n\n\n\n<div class=\"wp-block-column is-layout-flow wp-block-column-is-layout-flow\" style=\"flex-basis:66.66%\">\n<h5 class=\"wp-block-heading\"><strong>Christina Kumlin<br\/>Marknadsf\u00f6ring &amp; Aff\u00e4rsutveckling<\/strong><\/h5>\n\n\n\n<p><strong>Vatten har alltid varit det element som jag haft en stark dragning till och fascinerats av dess kraft.<\/strong><br\/><strong>Mitt f\u00f6rsta arbete var p\u00e5 ett vattenlaboratorium i Uppsala d\u00e4r vi utf\u00f6rde olika typer av analyser p\u00e5 dricksvatten och vattendrag. D\u00e4refter jobbade jag ett antal \u00e5r p\u00e5 kraftverk och utf\u00f6rde analyser p\u00e5 matarvatten, \u00e5ngor och fj\u00e4rrv\u00e4rmevatten. F\u00f6r ca 20 \u00e5r sedan kom jag i kontakt med strukturerat vatten f\u00f6r f\u00f6rsta g\u00e5ngen. Jag blev s\u00e5 intresserad av dess effekter inom olika omr\u00e5den och k\u00f6pte d\u00e5 min f\u00f6rsta strukturerare. De personliga effekter jag erfarit har varit s\u00e5 positiva att jag idag helhj\u00e4rtat kommer att bidra till dess spridning till b\u00e5de privat personer och organisationer.    <\/strong><br\/><strong>F\u00f6rutom detta arbetar jag med ledarskap- och teamutveckling vilket jag har gjort sedan \u00e5r 2000. Innan dess arbetade jag med f\u00f6rs\u00e4ljning och marknadsf\u00f6ring av medicinsk analysutrustning.<br\/>Det jag brinner f\u00f6r \u00e4r: Vatten, m\u00e4nniska och teknik i balans.  <\/strong><\/p>\n<\/div>\n<\/div>\n\n<p><\/p>\n","protected":false},"excerpt":{"rendered":"<p>Trygve ForsstenVD &amp; Biolog Vatten och vattenekologi har varit ett livsl\u00e5ngt intresse for mig. P\u00e5 1970-talet st\u00f6tte jag p\u00e5 uppgifter [&hellip;]<\/p>\n","protected":false},"author":1,"featured_media":0,"parent":0,"menu_order":0,"comment_status":"closed","ping_status":"closed","template":"","meta":{"footnotes":""},"class_list":["post-807","page","type-page","status-publish","hentry"],"_links":{"self":[{"href":"https:\/\/www.bioaq.fi\/sv\/wp-json\/wp\/v2\/pages\/807","targetHints":{"allow":["GET"]}}],"collection":[{"href":"https:\/\/www.bioaq.fi\/sv\/wp-json\/wp\/v2\/pages"}],"about":[{"href":"https:\/\/www.bioaq.fi\/sv\/wp-json\/wp\/v2\/types\/page"}],"author":[{"embeddable":true,"href":"https:\/\/www.bioaq.fi\/sv\/wp-json\/wp\/v2\/users\/1"}],"replies":[{"embeddable":true,"href":"https:\/\/www.bioaq.fi\/sv\/wp-json\/wp\/v2\/comments?post=807"}],"version-history":[{"count":27,"href":"https:\/\/www.bioaq.fi\/sv\/wp-json\/wp\/v2\/pages\/807\/revisions"}],"predecessor-version":[{"id":2072,"href":"https:\/\/www.bioaq.fi\/sv\/wp-json\/wp\/v2\/pages\/807\/revisions\/2072"}],"wp:attachment":[{"href":"https:\/\/www.bioaq.fi\/sv\/wp-json\/wp\/v2\/media?parent=807"}],"curies":[{"name":"wp","href":"https:\/\/api.w.org\/{rel}","templated":true}]}}